{"id":2191,"date":"2013-10-18T07:14:52","date_gmt":"2013-10-18T12:14:52","guid":{"rendered":"https:\/\/www.partsbymst.com\/shop\/uncategorized\/ventilado-aceite-bomba-cubierta-placa\/"},"modified":"2022-12-12T00:07:33","modified_gmt":"2022-12-12T06:07:33","slug":"ventilado-aceite-bomba-cubierta-placa","status":"publish","type":"product","link":"https:\/\/www.partsbymst.com\/es\/shop\/componentes-y-accesorios-del-motor\/placa-de-la-cubierta-de-la-bomba-de-aceite\/ventilado-aceite-bomba-cubierta-placa\/","title":{"rendered":"Placa de Cubierta de Bomba de Aceite Ventilada"},"content":{"rendered":"<p>La tapa de la bomba de aceite MST es otro toque fino que puede agregar a su motor refrigerado por aire Volkswagen. La placa se mecaniza con precisi\u00f3n de aluminio billet 6061-T6 y viene listo para la instalaci\u00f3n con nuevas tuercas nylock.<\/p>\n<p>Consiga el suyo hoy en negro, azul, rojo, plata, o verde lima.<\/p>\n","protected":false},"excerpt":{"rendered":"<p>Agregue ese peque\u00f1o toque extra a su motor refrigerado por aire VW con una placa de cubierta de bomba de aceite MST. Dise\u00f1ado para adaptarse a la mayor\u00eda de las bombas de aceite.<\/p>\n","protected":false},"featured_media":11083,"comment_status":"open","ping_status":"closed","template":"","meta":[],"product_brand":[],"product_cat":[173],"product_tag":[224,187,192,250,199,191,188,253,220,254,210,270,196],"class_list":{"0":"post-2191","1":"product","2":"type-product","3":"status-publish","4":"has-post-thumbnail","6":"product_cat-placa-de-la-cubierta-de-la-bomba-de-aceite","7":"product_tag-accesorios","8":"product_tag-aluminio","9":"product_tag-azul","10":"product_tag-bomba-de-aceite","11":"product_tag-mst-es","12":"product_tag-negro","13":"product_tag-palanquilla","14":"product_tag-placa-de-cubierta-de-la-bomba-de-aceite","15":"product_tag-plata","16":"product_tag-plato","17":"product_tag-rojo","18":"product_tag-ventilado","19":"product_tag-verde-lima","20":"product_shipping_class-sistemas-de-poleas","22":"first","23":"instock","24":"taxable","25":"shipping-taxable","26":"purchasable","27":"product-type-variable"},"supplier_id":null,"supplier_sku":"","barcode":null,"atum_controlled":true,"out_stock_date":null,"out_stock_threshold":null,"inheritable":false,"inbound_stock":null,"stock_on_hold":0,"sold_today":1,"sales_last_days":1,"reserved_stock":null,"customer_returns":null,"warehouse_damage":null,"lost_in_post":null,"other_logs":null,"out_stock_days":0,"lost_sales":0,"has_location":null,"update_date":"2026-04-06T19:24:16","atum_locations":[],"atum_stock_status":"instock","restock_status":false,"low_stock_amount":"","sales_update_date":"2026-04-01T04:11:39","calc_backorders":null,"yoast_head":"<!-- This site is optimized with the Yoast SEO plugin v27.2 - https:\/\/yoast.com\/product\/yoast-seo-wordpress\/ -->\n<title>Placa de Cubierta de Bomba de Aceite Ventilada - Parts By MST, LLC<\/title>\n<meta name=\"description\" content=\"La tapa de la bomba de aceite MOST es otro toque fino que puede agregar a su motor refrigerado por aire Volkswagen. Consiga el suyo en negro, azul, plata, rojo, o verde lima.\" \/>\n<meta name=\"robots\" content=\"index, follow, max-snippet:-1, max-image-preview:large, max-video-preview:-1\" \/>\n<link rel=\"canonical\" href=\"https:\/\/www.partsbymst.com\/es\/shop\/componentes-y-accesorios-del-motor\/placa-de-la-cubierta-de-la-bomba-de-aceite\/ventilado-aceite-bomba-cubierta-placa\/\" \/>\n<meta property=\"og:locale\" content=\"es_ES\" \/>\n<meta property=\"og:type\" content=\"article\" \/>\n<meta property=\"og:title\" content=\"Placa de Cubierta de Bomba de Aceite Ventilada - Parts By MST, LLC\" \/>\n<meta property=\"og:description\" content=\"La tapa de la bomba de aceite MOST es otro toque fino que puede agregar a su motor refrigerado por aire Volkswagen. Consiga el suyo en negro, azul, plata, rojo, o verde lima.\" \/>\n<meta property=\"og:url\" content=\"https:\/\/www.partsbymst.com\/es\/shop\/componentes-y-accesorios-del-motor\/placa-de-la-cubierta-de-la-bomba-de-aceite\/ventilado-aceite-bomba-cubierta-placa\/\" \/>\n<meta property=\"og:site_name\" content=\"Parts By MST, LLC\" \/>\n<meta property=\"article:publisher\" content=\"https:\/\/www.facebook.com\/MotorsportsTulsa\/\" \/>\n<meta property=\"article:modified_time\" content=\"2022-12-12T06:07:33+00:00\" \/>\n<meta property=\"og:image\" content=\"https:\/\/www.partsbymst.com\/wp-content\/uploads\/2025\/08\/M1M-16-2-scaled.jpg\" \/>\n\t<meta property=\"og:image:width\" content=\"2560\" \/>\n\t<meta property=\"og:image:height\" content=\"2125\" \/>\n\t<meta property=\"og:image:type\" content=\"image\/jpeg\" \/>\n<meta name=\"twitter:card\" content=\"summary_large_image\" \/>\n<script type=\"application\/ld+json\" class=\"yoast-schema-graph\">{\"@context\":\"https:\/\/schema.org\",\"@graph\":[{\"@type\":\"WebPage\",\"@id\":\"https:\/\/www.partsbymst.com\/es\/shop\/componentes-y-accesorios-del-motor\/placa-de-la-cubierta-de-la-bomba-de-aceite\/ventilado-aceite-bomba-cubierta-placa\/\",\"url\":\"https:\/\/www.partsbymst.com\/es\/shop\/componentes-y-accesorios-del-motor\/placa-de-la-cubierta-de-la-bomba-de-aceite\/ventilado-aceite-bomba-cubierta-placa\/\",\"name\":\"Placa de Cubierta de Bomba de Aceite Ventilada - Parts By MST, LLC\",\"isPartOf\":{\"@id\":\"https:\/\/www.partsbymst.com\/es\/#website\"},\"primaryImageOfPage\":{\"@id\":\"https:\/\/www.partsbymst.com\/es\/shop\/componentes-y-accesorios-del-motor\/placa-de-la-cubierta-de-la-bomba-de-aceite\/ventilado-aceite-bomba-cubierta-placa\/#primaryimage\"},\"image\":{\"@id\":\"https:\/\/www.partsbymst.com\/es\/shop\/componentes-y-accesorios-del-motor\/placa-de-la-cubierta-de-la-bomba-de-aceite\/ventilado-aceite-bomba-cubierta-placa\/#primaryimage\"},\"thumbnailUrl\":\"https:\/\/www.partsbymst.com\/wp-content\/uploads\/2025\/08\/M1M-16-2-scaled.jpg\",\"datePublished\":\"2013-10-18T12:14:52+00:00\",\"dateModified\":\"2022-12-12T06:07:33+00:00\",\"description\":\"La tapa de la bomba de aceite MOST es otro toque fino que puede agregar a su motor refrigerado por aire Volkswagen. Consiga el suyo en negro, azul, plata, rojo, o verde lima.\",\"breadcrumb\":{\"@id\":\"https:\/\/www.partsbymst.com\/es\/shop\/componentes-y-accesorios-del-motor\/placa-de-la-cubierta-de-la-bomba-de-aceite\/ventilado-aceite-bomba-cubierta-placa\/#breadcrumb\"},\"inLanguage\":\"es\",\"potentialAction\":[{\"@type\":\"ReadAction\",\"target\":[\"https:\/\/www.partsbymst.com\/es\/shop\/componentes-y-accesorios-del-motor\/placa-de-la-cubierta-de-la-bomba-de-aceite\/ventilado-aceite-bomba-cubierta-placa\/\"]}]},{\"@type\":\"ImageObject\",\"inLanguage\":\"es\",\"@id\":\"https:\/\/www.partsbymst.com\/es\/shop\/componentes-y-accesorios-del-motor\/placa-de-la-cubierta-de-la-bomba-de-aceite\/ventilado-aceite-bomba-cubierta-placa\/#primaryimage\",\"url\":\"https:\/\/www.partsbymst.com\/wp-content\/uploads\/2025\/08\/M1M-16-2-scaled.jpg\",\"contentUrl\":\"https:\/\/www.partsbymst.com\/wp-content\/uploads\/2025\/08\/M1M-16-2-scaled.jpg\",\"width\":2560,\"height\":2125},{\"@type\":\"BreadcrumbList\",\"@id\":\"https:\/\/www.partsbymst.com\/es\/shop\/componentes-y-accesorios-del-motor\/placa-de-la-cubierta-de-la-bomba-de-aceite\/ventilado-aceite-bomba-cubierta-placa\/#breadcrumb\",\"itemListElement\":[{\"@type\":\"ListItem\",\"position\":1,\"name\":\"Home\",\"item\":\"https:\/\/www.partsbymst.com\/es\/\"},{\"@type\":\"ListItem\",\"position\":2,\"name\":\"Shop\",\"item\":\"https:\/\/www.partsbymst.com\/shop\/\"},{\"@type\":\"ListItem\",\"position\":3,\"name\":\"Placa de Cubierta de Bomba de Aceite Ventilada\"}]},{\"@type\":\"WebSite\",\"@id\":\"https:\/\/www.partsbymst.com\/es\/#website\",\"url\":\"https:\/\/www.partsbymst.com\/es\/\",\"name\":\"Parts By MST, LLC\",\"description\":\"Your Source for Quality VW Aftermarket Parts\",\"publisher\":{\"@id\":\"https:\/\/www.partsbymst.com\/es\/#organization\"},\"potentialAction\":[{\"@type\":\"SearchAction\",\"target\":{\"@type\":\"EntryPoint\",\"urlTemplate\":\"https:\/\/www.partsbymst.com\/es\/?s={search_term_string}\"},\"query-input\":{\"@type\":\"PropertyValueSpecification\",\"valueRequired\":true,\"valueName\":\"search_term_string\"}}],\"inLanguage\":\"es\"},{\"@type\":\"Organization\",\"@id\":\"https:\/\/www.partsbymst.com\/es\/#organization\",\"name\":\"MST\",\"url\":\"https:\/\/www.partsbymst.com\/es\/\",\"logo\":{\"@type\":\"ImageObject\",\"inLanguage\":\"es\",\"@id\":\"https:\/\/www.partsbymst.com\/es\/#\/schema\/logo\/image\/\",\"url\":\"https:\/\/www.partsbymst.com\/wp-content\/uploads\/2017\/02\/mst-email-header.png\",\"contentUrl\":\"https:\/\/www.partsbymst.com\/wp-content\/uploads\/2017\/02\/mst-email-header.png\",\"width\":600,\"height\":120,\"caption\":\"MST\"},\"image\":{\"@id\":\"https:\/\/www.partsbymst.com\/es\/#\/schema\/logo\/image\/\"},\"sameAs\":[\"https:\/\/www.facebook.com\/MotorsportsTulsa\/\",\"http:\/\/instagram.com\/mst_vw_parts\",\"https:\/\/www.youtube.com\/channel\/UCJaFJ_EwfmfNdZJllWwWr1A\"]}]}<\/script>\n<!-- \/ Yoast SEO plugin. -->","yoast_head_json":{"title":"Placa de Cubierta de Bomba de Aceite Ventilada - Parts By MST, LLC","description":"La tapa de la bomba de aceite MOST es otro toque fino que puede agregar a su motor refrigerado por aire Volkswagen. Consiga el suyo en negro, azul, plata, rojo, o verde lima.","robots":{"index":"index","follow":"follow","max-snippet":"max-snippet:-1","max-image-preview":"max-image-preview:large","max-video-preview":"max-video-preview:-1"},"canonical":"https:\/\/www.partsbymst.com\/es\/shop\/componentes-y-accesorios-del-motor\/placa-de-la-cubierta-de-la-bomba-de-aceite\/ventilado-aceite-bomba-cubierta-placa\/","og_locale":"es_ES","og_type":"article","og_title":"Placa de Cubierta de Bomba de Aceite Ventilada - Parts By MST, LLC","og_description":"La tapa de la bomba de aceite MOST es otro toque fino que puede agregar a su motor refrigerado por aire Volkswagen. Consiga el suyo en negro, azul, plata, rojo, o verde lima.","og_url":"https:\/\/www.partsbymst.com\/es\/shop\/componentes-y-accesorios-del-motor\/placa-de-la-cubierta-de-la-bomba-de-aceite\/ventilado-aceite-bomba-cubierta-placa\/","og_site_name":"Parts By MST, LLC","article_publisher":"https:\/\/www.facebook.com\/MotorsportsTulsa\/","article_modified_time":"2022-12-12T06:07:33+00:00","og_image":[{"width":2560,"height":2125,"url":"https:\/\/www.partsbymst.com\/wp-content\/uploads\/2025\/08\/M1M-16-2-scaled.jpg","type":"image\/jpeg"}],"twitter_card":"summary_large_image","schema":{"@context":"https:\/\/schema.org","@graph":[{"@type":"WebPage","@id":"https:\/\/www.partsbymst.com\/es\/shop\/componentes-y-accesorios-del-motor\/placa-de-la-cubierta-de-la-bomba-de-aceite\/ventilado-aceite-bomba-cubierta-placa\/","url":"https:\/\/www.partsbymst.com\/es\/shop\/componentes-y-accesorios-del-motor\/placa-de-la-cubierta-de-la-bomba-de-aceite\/ventilado-aceite-bomba-cubierta-placa\/","name":"Placa de Cubierta de Bomba de Aceite Ventilada - Parts By MST, LLC","isPartOf":{"@id":"https:\/\/www.partsbymst.com\/es\/#website"},"primaryImageOfPage":{"@id":"https:\/\/www.partsbymst.com\/es\/shop\/componentes-y-accesorios-del-motor\/placa-de-la-cubierta-de-la-bomba-de-aceite\/ventilado-aceite-bomba-cubierta-placa\/#primaryimage"},"image":{"@id":"https:\/\/www.partsbymst.com\/es\/shop\/componentes-y-accesorios-del-motor\/placa-de-la-cubierta-de-la-bomba-de-aceite\/ventilado-aceite-bomba-cubierta-placa\/#primaryimage"},"thumbnailUrl":"https:\/\/www.partsbymst.com\/wp-content\/uploads\/2025\/08\/M1M-16-2-scaled.jpg","datePublished":"2013-10-18T12:14:52+00:00","dateModified":"2022-12-12T06:07:33+00:00","description":"La tapa de la bomba de aceite MOST es otro toque fino que puede agregar a su motor refrigerado por aire Volkswagen. Consiga el suyo en negro, azul, plata, rojo, o verde lima.","breadcrumb":{"@id":"https:\/\/www.partsbymst.com\/es\/shop\/componentes-y-accesorios-del-motor\/placa-de-la-cubierta-de-la-bomba-de-aceite\/ventilado-aceite-bomba-cubierta-placa\/#breadcrumb"},"inLanguage":"es","potentialAction":[{"@type":"ReadAction","target":["https:\/\/www.partsbymst.com\/es\/shop\/componentes-y-accesorios-del-motor\/placa-de-la-cubierta-de-la-bomba-de-aceite\/ventilado-aceite-bomba-cubierta-placa\/"]}]},{"@type":"ImageObject","inLanguage":"es","@id":"https:\/\/www.partsbymst.com\/es\/shop\/componentes-y-accesorios-del-motor\/placa-de-la-cubierta-de-la-bomba-de-aceite\/ventilado-aceite-bomba-cubierta-placa\/#primaryimage","url":"https:\/\/www.partsbymst.com\/wp-content\/uploads\/2025\/08\/M1M-16-2-scaled.jpg","contentUrl":"https:\/\/www.partsbymst.com\/wp-content\/uploads\/2025\/08\/M1M-16-2-scaled.jpg","width":2560,"height":2125},{"@type":"BreadcrumbList","@id":"https:\/\/www.partsbymst.com\/es\/shop\/componentes-y-accesorios-del-motor\/placa-de-la-cubierta-de-la-bomba-de-aceite\/ventilado-aceite-bomba-cubierta-placa\/#breadcrumb","itemListElement":[{"@type":"ListItem","position":1,"name":"Home","item":"https:\/\/www.partsbymst.com\/es\/"},{"@type":"ListItem","position":2,"name":"Shop","item":"https:\/\/www.partsbymst.com\/shop\/"},{"@type":"ListItem","position":3,"name":"Placa de Cubierta de Bomba de Aceite Ventilada"}]},{"@type":"WebSite","@id":"https:\/\/www.partsbymst.com\/es\/#website","url":"https:\/\/www.partsbymst.com\/es\/","name":"Parts By MST, LLC","description":"Your Source for Quality VW Aftermarket Parts","publisher":{"@id":"https:\/\/www.partsbymst.com\/es\/#organization"},"potentialAction":[{"@type":"SearchAction","target":{"@type":"EntryPoint","urlTemplate":"https:\/\/www.partsbymst.com\/es\/?s={search_term_string}"},"query-input":{"@type":"PropertyValueSpecification","valueRequired":true,"valueName":"search_term_string"}}],"inLanguage":"es"},{"@type":"Organization","@id":"https:\/\/www.partsbymst.com\/es\/#organization","name":"MST","url":"https:\/\/www.partsbymst.com\/es\/","logo":{"@type":"ImageObject","inLanguage":"es","@id":"https:\/\/www.partsbymst.com\/es\/#\/schema\/logo\/image\/","url":"https:\/\/www.partsbymst.com\/wp-content\/uploads\/2017\/02\/mst-email-header.png","contentUrl":"https:\/\/www.partsbymst.com\/wp-content\/uploads\/2017\/02\/mst-email-header.png","width":600,"height":120,"caption":"MST"},"image":{"@id":"https:\/\/www.partsbymst.com\/es\/#\/schema\/logo\/image\/"},"sameAs":["https:\/\/www.facebook.com\/MotorsportsTulsa\/","http:\/\/instagram.com\/mst_vw_parts","https:\/\/www.youtube.com\/channel\/UCJaFJ_EwfmfNdZJllWwWr1A"]}]}},"_links":{"self":[{"href":"https:\/\/www.partsbymst.com\/es\/wp-json\/wp\/v2\/product\/2191","targetHints":{"allow":["GET"]}}],"collection":[{"href":"https:\/\/www.partsbymst.com\/es\/wp-json\/wp\/v2\/product"}],"about":[{"href":"https:\/\/www.partsbymst.com\/es\/wp-json\/wp\/v2\/types\/product"}],"replies":[{"embeddable":true,"href":"https:\/\/www.partsbymst.com\/es\/wp-json\/wp\/v2\/comments?post=2191"}],"wp:featuredmedia":[{"embeddable":true,"href":"https:\/\/www.partsbymst.com\/es\/wp-json\/wp\/v2\/media\/11083"}],"wp:attachment":[{"href":"https:\/\/www.partsbymst.com\/es\/wp-json\/wp\/v2\/media?parent=2191"}],"wp:term":[{"taxonomy":"product_brand","embeddable":true,"href":"https:\/\/www.partsbymst.com\/es\/wp-json\/wp\/v2\/product_brand?post=2191"},{"taxonomy":"product_cat","embeddable":true,"href":"https:\/\/www.partsbymst.com\/es\/wp-json\/wp\/v2\/product_cat?post=2191"},{"taxonomy":"product_tag","embeddable":true,"href":"https:\/\/www.partsbymst.com\/es\/wp-json\/wp\/v2\/product_tag?post=2191"}],"curies":[{"name":"wp","href":"https:\/\/api.w.org\/{rel}","templated":true}]}}