{"id":2197,"date":"2013-10-18T08:28:06","date_gmt":"2013-10-18T13:28:06","guid":{"rendered":"https:\/\/www.partsbymst.com\/shop\/uncategorized\/bomba-de-combustible-bomba-de-bloqueo\/"},"modified":"2025-10-24T17:14:17","modified_gmt":"2025-10-24T22:14:17","slug":"bomba-de-combustible-bomba-de-bloqueo","status":"publish","type":"product","link":"https:\/\/www.partsbymst.com\/es\/shop\/componentes-y-accesorios-del-motor\/bloque-de-bomba-de-combustible-apagado\/bomba-de-combustible-bomba-de-bloqueo\/","title":{"rendered":"Bloqueo de la Bomba de Combustible"},"content":{"rendered":"<p>Nuestro Bloqueo de Bomba de Combustible es un gran poco a\u00f1adir a su motor de VW refrigerado por aire. Si usted est\u00e1 cambiando a una bomba de combustible el\u00e9ctrica, esta peque\u00f1a gema puede rematar la salida vieja.<\/p>\n<p>La precisi\u00f3n mecanizada 6061-T6 billete cubierta de aluminio viene en cinco grandes colores y se hace en los EE.UU. Todo el hardware necesario viene adelante para la instalaci\u00f3n f\u00e1cil.<\/p>\n","protected":false},"excerpt":{"rendered":"<p>El Bloqueo de Bomba de Combustible de MST es un requisito indispensable si est\u00e1 cambiando a una bomba de combustible el\u00e9ctrica. Cubra la salida original de la bomba de combustible con esta elegante cubierta de aluminio billet.<\/p>\n","protected":false},"featured_media":11045,"comment_status":"open","ping_status":"closed","template":"","meta":[],"product_brand":[],"product_cat":[170],"product_tag":[187,192,233,235,245,242,199,191,188,220,210,249,196],"class_list":{"0":"post-2197","1":"product","2":"type-product","3":"status-publish","4":"has-post-thumbnail","6":"product_cat-bloque-de-bomba-de-combustible-apagado","7":"product_tag-aluminio","8":"product_tag-azul","9":"product_tag-block-off-es","10":"product_tag-blockoff-es","11":"product_tag-bloque-de-bomba-de-combustible-apagado","12":"product_tag-bomba-de-combustible","13":"product_tag-mst-es","14":"product_tag-negro","15":"product_tag-palanquilla","16":"product_tag-plata","17":"product_tag-rojo","18":"product_tag-verde","19":"product_tag-verde-lima","20":"product_shipping_class-sistemas-de-poleas","22":"first","23":"instock","24":"taxable","25":"shipping-taxable","26":"purchasable","27":"product-type-variable"},"supplier_id":null,"supplier_sku":"","barcode":null,"atum_controlled":true,"out_stock_date":null,"out_stock_threshold":null,"inheritable":false,"inbound_stock":null,"stock_on_hold":1,"sold_today":0,"sales_last_days":0,"reserved_stock":null,"customer_returns":null,"warehouse_damage":null,"lost_in_post":null,"other_logs":null,"out_stock_days":0,"lost_sales":0,"has_location":null,"update_date":"2026-04-16T04:35:13","atum_locations":[],"atum_stock_status":"instock","restock_status":false,"low_stock_amount":"","sales_update_date":"2026-04-16T04:35:13","calc_backorders":null,"yoast_head":"<!-- This site is optimized with the Yoast SEO plugin v27.2 - https:\/\/yoast.com\/product\/yoast-seo-wordpress\/ -->\n<title>Bloqueo de la Bomba de Combustible - Parts By MST, LLC<\/title>\n<meta name=\"description\" content=\"El Bloqueo de Bomba de Combustible del MST es un requisito indispensable si est\u00e1 cambiando a una bomba de combustible el\u00e9ctrica en un Volkswagen refrigerado por aire.\" \/>\n<meta name=\"robots\" content=\"index, follow, max-snippet:-1, max-image-preview:large, max-video-preview:-1\" \/>\n<link rel=\"canonical\" href=\"https:\/\/www.partsbymst.com\/es\/shop\/componentes-y-accesorios-del-motor\/bloque-de-bomba-de-combustible-apagado\/bomba-de-combustible-bomba-de-bloqueo\/\" \/>\n<meta property=\"og:locale\" content=\"es_ES\" \/>\n<meta property=\"og:type\" content=\"article\" \/>\n<meta property=\"og:title\" content=\"Bloqueo de la Bomba de Combustible - Parts By MST, LLC\" \/>\n<meta property=\"og:description\" content=\"El Bloqueo de Bomba de Combustible del MST es un requisito indispensable si est\u00e1 cambiando a una bomba de combustible el\u00e9ctrica en un Volkswagen refrigerado por aire.\" \/>\n<meta property=\"og:url\" content=\"https:\/\/www.partsbymst.com\/es\/shop\/componentes-y-accesorios-del-motor\/bloque-de-bomba-de-combustible-apagado\/bomba-de-combustible-bomba-de-bloqueo\/\" \/>\n<meta property=\"og:site_name\" content=\"Parts By MST, LLC\" \/>\n<meta property=\"article:publisher\" content=\"https:\/\/www.facebook.com\/MotorsportsTulsa\/\" \/>\n<meta property=\"article:modified_time\" content=\"2025-10-24T22:14:17+00:00\" \/>\n<meta property=\"og:image\" content=\"https:\/\/www.partsbymst.com\/wp-content\/uploads\/2025\/08\/M1M-67-1-scaled.jpg\" \/>\n\t<meta property=\"og:image:width\" content=\"2560\" \/>\n\t<meta property=\"og:image:height\" content=\"1707\" \/>\n\t<meta property=\"og:image:type\" content=\"image\/jpeg\" \/>\n<meta name=\"twitter:card\" content=\"summary_large_image\" \/>\n<script type=\"application\/ld+json\" class=\"yoast-schema-graph\">{\"@context\":\"https:\/\/schema.org\",\"@graph\":[{\"@type\":\"WebPage\",\"@id\":\"https:\/\/www.partsbymst.com\/es\/shop\/componentes-y-accesorios-del-motor\/bloque-de-bomba-de-combustible-apagado\/bomba-de-combustible-bomba-de-bloqueo\/\",\"url\":\"https:\/\/www.partsbymst.com\/es\/shop\/componentes-y-accesorios-del-motor\/bloque-de-bomba-de-combustible-apagado\/bomba-de-combustible-bomba-de-bloqueo\/\",\"name\":\"Bloqueo de la Bomba de Combustible - Parts By MST, LLC\",\"isPartOf\":{\"@id\":\"https:\/\/www.partsbymst.com\/es\/#website\"},\"primaryImageOfPage\":{\"@id\":\"https:\/\/www.partsbymst.com\/es\/shop\/componentes-y-accesorios-del-motor\/bloque-de-bomba-de-combustible-apagado\/bomba-de-combustible-bomba-de-bloqueo\/#primaryimage\"},\"image\":{\"@id\":\"https:\/\/www.partsbymst.com\/es\/shop\/componentes-y-accesorios-del-motor\/bloque-de-bomba-de-combustible-apagado\/bomba-de-combustible-bomba-de-bloqueo\/#primaryimage\"},\"thumbnailUrl\":\"https:\/\/www.partsbymst.com\/wp-content\/uploads\/2025\/08\/M1M-67-1-scaled.jpg\",\"datePublished\":\"2013-10-18T13:28:06+00:00\",\"dateModified\":\"2025-10-24T22:14:17+00:00\",\"description\":\"El Bloqueo de Bomba de Combustible del MST es un requisito indispensable si est\u00e1 cambiando a una bomba de combustible el\u00e9ctrica en un Volkswagen refrigerado por aire.\",\"breadcrumb\":{\"@id\":\"https:\/\/www.partsbymst.com\/es\/shop\/componentes-y-accesorios-del-motor\/bloque-de-bomba-de-combustible-apagado\/bomba-de-combustible-bomba-de-bloqueo\/#breadcrumb\"},\"inLanguage\":\"es\",\"potentialAction\":[{\"@type\":\"ReadAction\",\"target\":[\"https:\/\/www.partsbymst.com\/es\/shop\/componentes-y-accesorios-del-motor\/bloque-de-bomba-de-combustible-apagado\/bomba-de-combustible-bomba-de-bloqueo\/\"]}]},{\"@type\":\"ImageObject\",\"inLanguage\":\"es\",\"@id\":\"https:\/\/www.partsbymst.com\/es\/shop\/componentes-y-accesorios-del-motor\/bloque-de-bomba-de-combustible-apagado\/bomba-de-combustible-bomba-de-bloqueo\/#primaryimage\",\"url\":\"https:\/\/www.partsbymst.com\/wp-content\/uploads\/2025\/08\/M1M-67-1-scaled.jpg\",\"contentUrl\":\"https:\/\/www.partsbymst.com\/wp-content\/uploads\/2025\/08\/M1M-67-1-scaled.jpg\",\"width\":2560,\"height\":1707},{\"@type\":\"BreadcrumbList\",\"@id\":\"https:\/\/www.partsbymst.com\/es\/shop\/componentes-y-accesorios-del-motor\/bloque-de-bomba-de-combustible-apagado\/bomba-de-combustible-bomba-de-bloqueo\/#breadcrumb\",\"itemListElement\":[{\"@type\":\"ListItem\",\"position\":1,\"name\":\"Home\",\"item\":\"https:\/\/www.partsbymst.com\/es\/\"},{\"@type\":\"ListItem\",\"position\":2,\"name\":\"Shop\",\"item\":\"https:\/\/www.partsbymst.com\/shop\/\"},{\"@type\":\"ListItem\",\"position\":3,\"name\":\"Bloqueo de la Bomba de Combustible\"}]},{\"@type\":\"WebSite\",\"@id\":\"https:\/\/www.partsbymst.com\/es\/#website\",\"url\":\"https:\/\/www.partsbymst.com\/es\/\",\"name\":\"Parts By MST, LLC\",\"description\":\"Your Source for Quality VW Aftermarket Parts\",\"publisher\":{\"@id\":\"https:\/\/www.partsbymst.com\/es\/#organization\"},\"potentialAction\":[{\"@type\":\"SearchAction\",\"target\":{\"@type\":\"EntryPoint\",\"urlTemplate\":\"https:\/\/www.partsbymst.com\/es\/?s={search_term_string}\"},\"query-input\":{\"@type\":\"PropertyValueSpecification\",\"valueRequired\":true,\"valueName\":\"search_term_string\"}}],\"inLanguage\":\"es\"},{\"@type\":\"Organization\",\"@id\":\"https:\/\/www.partsbymst.com\/es\/#organization\",\"name\":\"MST\",\"url\":\"https:\/\/www.partsbymst.com\/es\/\",\"logo\":{\"@type\":\"ImageObject\",\"inLanguage\":\"es\",\"@id\":\"https:\/\/www.partsbymst.com\/es\/#\/schema\/logo\/image\/\",\"url\":\"https:\/\/www.partsbymst.com\/wp-content\/uploads\/2017\/02\/mst-email-header.png\",\"contentUrl\":\"https:\/\/www.partsbymst.com\/wp-content\/uploads\/2017\/02\/mst-email-header.png\",\"width\":600,\"height\":120,\"caption\":\"MST\"},\"image\":{\"@id\":\"https:\/\/www.partsbymst.com\/es\/#\/schema\/logo\/image\/\"},\"sameAs\":[\"https:\/\/www.facebook.com\/MotorsportsTulsa\/\",\"http:\/\/instagram.com\/mst_vw_parts\",\"https:\/\/www.youtube.com\/channel\/UCJaFJ_EwfmfNdZJllWwWr1A\"]}]}<\/script>\n<!-- \/ Yoast SEO plugin. -->","yoast_head_json":{"title":"Bloqueo de la Bomba de Combustible - Parts By MST, LLC","description":"El Bloqueo de Bomba de Combustible del MST es un requisito indispensable si est\u00e1 cambiando a una bomba de combustible el\u00e9ctrica en un Volkswagen refrigerado por aire.","robots":{"index":"index","follow":"follow","max-snippet":"max-snippet:-1","max-image-preview":"max-image-preview:large","max-video-preview":"max-video-preview:-1"},"canonical":"https:\/\/www.partsbymst.com\/es\/shop\/componentes-y-accesorios-del-motor\/bloque-de-bomba-de-combustible-apagado\/bomba-de-combustible-bomba-de-bloqueo\/","og_locale":"es_ES","og_type":"article","og_title":"Bloqueo de la Bomba de Combustible - Parts By MST, LLC","og_description":"El Bloqueo de Bomba de Combustible del MST es un requisito indispensable si est\u00e1 cambiando a una bomba de combustible el\u00e9ctrica en un Volkswagen refrigerado por aire.","og_url":"https:\/\/www.partsbymst.com\/es\/shop\/componentes-y-accesorios-del-motor\/bloque-de-bomba-de-combustible-apagado\/bomba-de-combustible-bomba-de-bloqueo\/","og_site_name":"Parts By MST, LLC","article_publisher":"https:\/\/www.facebook.com\/MotorsportsTulsa\/","article_modified_time":"2025-10-24T22:14:17+00:00","og_image":[{"width":2560,"height":1707,"url":"https:\/\/www.partsbymst.com\/wp-content\/uploads\/2025\/08\/M1M-67-1-scaled.jpg","type":"image\/jpeg"}],"twitter_card":"summary_large_image","schema":{"@context":"https:\/\/schema.org","@graph":[{"@type":"WebPage","@id":"https:\/\/www.partsbymst.com\/es\/shop\/componentes-y-accesorios-del-motor\/bloque-de-bomba-de-combustible-apagado\/bomba-de-combustible-bomba-de-bloqueo\/","url":"https:\/\/www.partsbymst.com\/es\/shop\/componentes-y-accesorios-del-motor\/bloque-de-bomba-de-combustible-apagado\/bomba-de-combustible-bomba-de-bloqueo\/","name":"Bloqueo de la Bomba de Combustible - Parts By MST, LLC","isPartOf":{"@id":"https:\/\/www.partsbymst.com\/es\/#website"},"primaryImageOfPage":{"@id":"https:\/\/www.partsbymst.com\/es\/shop\/componentes-y-accesorios-del-motor\/bloque-de-bomba-de-combustible-apagado\/bomba-de-combustible-bomba-de-bloqueo\/#primaryimage"},"image":{"@id":"https:\/\/www.partsbymst.com\/es\/shop\/componentes-y-accesorios-del-motor\/bloque-de-bomba-de-combustible-apagado\/bomba-de-combustible-bomba-de-bloqueo\/#primaryimage"},"thumbnailUrl":"https:\/\/www.partsbymst.com\/wp-content\/uploads\/2025\/08\/M1M-67-1-scaled.jpg","datePublished":"2013-10-18T13:28:06+00:00","dateModified":"2025-10-24T22:14:17+00:00","description":"El Bloqueo de Bomba de Combustible del MST es un requisito indispensable si est\u00e1 cambiando a una bomba de combustible el\u00e9ctrica en un Volkswagen refrigerado por aire.","breadcrumb":{"@id":"https:\/\/www.partsbymst.com\/es\/shop\/componentes-y-accesorios-del-motor\/bloque-de-bomba-de-combustible-apagado\/bomba-de-combustible-bomba-de-bloqueo\/#breadcrumb"},"inLanguage":"es","potentialAction":[{"@type":"ReadAction","target":["https:\/\/www.partsbymst.com\/es\/shop\/componentes-y-accesorios-del-motor\/bloque-de-bomba-de-combustible-apagado\/bomba-de-combustible-bomba-de-bloqueo\/"]}]},{"@type":"ImageObject","inLanguage":"es","@id":"https:\/\/www.partsbymst.com\/es\/shop\/componentes-y-accesorios-del-motor\/bloque-de-bomba-de-combustible-apagado\/bomba-de-combustible-bomba-de-bloqueo\/#primaryimage","url":"https:\/\/www.partsbymst.com\/wp-content\/uploads\/2025\/08\/M1M-67-1-scaled.jpg","contentUrl":"https:\/\/www.partsbymst.com\/wp-content\/uploads\/2025\/08\/M1M-67-1-scaled.jpg","width":2560,"height":1707},{"@type":"BreadcrumbList","@id":"https:\/\/www.partsbymst.com\/es\/shop\/componentes-y-accesorios-del-motor\/bloque-de-bomba-de-combustible-apagado\/bomba-de-combustible-bomba-de-bloqueo\/#breadcrumb","itemListElement":[{"@type":"ListItem","position":1,"name":"Home","item":"https:\/\/www.partsbymst.com\/es\/"},{"@type":"ListItem","position":2,"name":"Shop","item":"https:\/\/www.partsbymst.com\/shop\/"},{"@type":"ListItem","position":3,"name":"Bloqueo de la Bomba de Combustible"}]},{"@type":"WebSite","@id":"https:\/\/www.partsbymst.com\/es\/#website","url":"https:\/\/www.partsbymst.com\/es\/","name":"Parts By MST, LLC","description":"Your Source for Quality VW Aftermarket Parts","publisher":{"@id":"https:\/\/www.partsbymst.com\/es\/#organization"},"potentialAction":[{"@type":"SearchAction","target":{"@type":"EntryPoint","urlTemplate":"https:\/\/www.partsbymst.com\/es\/?s={search_term_string}"},"query-input":{"@type":"PropertyValueSpecification","valueRequired":true,"valueName":"search_term_string"}}],"inLanguage":"es"},{"@type":"Organization","@id":"https:\/\/www.partsbymst.com\/es\/#organization","name":"MST","url":"https:\/\/www.partsbymst.com\/es\/","logo":{"@type":"ImageObject","inLanguage":"es","@id":"https:\/\/www.partsbymst.com\/es\/#\/schema\/logo\/image\/","url":"https:\/\/www.partsbymst.com\/wp-content\/uploads\/2017\/02\/mst-email-header.png","contentUrl":"https:\/\/www.partsbymst.com\/wp-content\/uploads\/2017\/02\/mst-email-header.png","width":600,"height":120,"caption":"MST"},"image":{"@id":"https:\/\/www.partsbymst.com\/es\/#\/schema\/logo\/image\/"},"sameAs":["https:\/\/www.facebook.com\/MotorsportsTulsa\/","http:\/\/instagram.com\/mst_vw_parts","https:\/\/www.youtube.com\/channel\/UCJaFJ_EwfmfNdZJllWwWr1A"]}]}},"_links":{"self":[{"href":"https:\/\/www.partsbymst.com\/es\/wp-json\/wp\/v2\/product\/2197","targetHints":{"allow":["GET"]}}],"collection":[{"href":"https:\/\/www.partsbymst.com\/es\/wp-json\/wp\/v2\/product"}],"about":[{"href":"https:\/\/www.partsbymst.com\/es\/wp-json\/wp\/v2\/types\/product"}],"replies":[{"embeddable":true,"href":"https:\/\/www.partsbymst.com\/es\/wp-json\/wp\/v2\/comments?post=2197"}],"wp:featuredmedia":[{"embeddable":true,"href":"https:\/\/www.partsbymst.com\/es\/wp-json\/wp\/v2\/media\/11045"}],"wp:attachment":[{"href":"https:\/\/www.partsbymst.com\/es\/wp-json\/wp\/v2\/media?parent=2197"}],"wp:term":[{"taxonomy":"product_brand","embeddable":true,"href":"https:\/\/www.partsbymst.com\/es\/wp-json\/wp\/v2\/product_brand?post=2197"},{"taxonomy":"product_cat","embeddable":true,"href":"https:\/\/www.partsbymst.com\/es\/wp-json\/wp\/v2\/product_cat?post=2197"},{"taxonomy":"product_tag","embeddable":true,"href":"https:\/\/www.partsbymst.com\/es\/wp-json\/wp\/v2\/product_tag?post=2197"}],"curies":[{"name":"wp","href":"https:\/\/api.w.org\/{rel}","templated":true}]}}