{"id":2214,"date":"2013-10-18T09:44:37","date_gmt":"2013-10-18T19:44:37","guid":{"rendered":"https:\/\/www.partsbymst.com\/shop\/uncategorized\/adaptador-de-aluminio-arena-sello\/"},"modified":"2020-03-13T12:05:45","modified_gmt":"2020-03-13T17:05:45","slug":"adaptador-de-aluminio-arena-sello","status":"publish","type":"product","link":"https:\/\/www.partsbymst.com\/es\/shop\/sin categor\u00eda\/adaptador-de-aluminio-arena-sello\/","title":{"rendered":"Adaptador de sello de arena de aluminio"},"content":{"rendered":"<p>El adaptador del sello de la arena de MST es \u00fanico en que es tiene dos o\u00eddos mecanizados incorporados en el dise\u00f1o que permiten que usted fije el adaptador en la posici\u00f3n una vez presionado en su caso. Simplemente taladre dos agujeros peque\u00f1os y agregue tornillos de accionamiento o los tornillos 4-40 que incluimos en el kit.<\/p>\n<p>\u00a1Ninguna necesidad de mecanizar su caso! S\u00f3lo presione este derecho pulg La mejor parte es &#8230; que se adapta a todos los sellos de arena de Volkswagen en el mercado.<\/p>\n<p>Hecho en los EE.UU.<\/p>\n","protected":false},"excerpt":{"rendered":"<p>Nunca ha sido m\u00e1s f\u00e1cil conseguir que el sello de arena para permanecer en su lugar! El adaptador de sello de arena MST es la soluci\u00f3n correcta. Mecanizado a partir del aluminio 6061-T6, se dise\u00f1a para presionar derecho adentro a su caso existente. Sin l\u00edo, sin alboroto! \u00a1Consiga el suyo hoy!<\/p>\n","protected":false},"featured_media":1658,"comment_status":"open","ping_status":"closed","template":"","meta":[],"product_brand":[],"product_cat":[],"product_tag":[224,262,187,220,239,216],"class_list":{"0":"post-2214","1":"product","2":"type-product","3":"status-publish","4":"has-post-thumbnail","6":"product_tag-accesorios","7":"product_tag-adaptador-de-sello-de-arena","8":"product_tag-aluminio","9":"product_tag-plata","10":"product_tag-polea-de-manivela","11":"product_tag-sello-de-arena","12":"product_shipping_class-pequenos-articulos","14":"first","15":"instock","16":"taxable","17":"shipping-taxable","18":"purchasable","19":"product-type-simple"},"supplier_id":null,"supplier_sku":"","barcode":null,"atum_controlled":true,"out_stock_date":null,"out_stock_threshold":null,"inheritable":false,"inbound_stock":null,"stock_on_hold":0,"sold_today":0,"sales_last_days":0,"reserved_stock":null,"customer_returns":null,"warehouse_damage":null,"lost_in_post":null,"other_logs":null,"out_stock_days":0,"lost_sales":0,"has_location":null,"update_date":"2026-04-14T04:33:37","atum_locations":[],"atum_stock_status":"instock","restock_status":false,"low_stock_amount":"","sales_update_date":"2026-04-14T04:33:37","calc_backorders":null,"yoast_head":"<!-- This site is optimized with the Yoast SEO plugin v27.2 - https:\/\/yoast.com\/product\/yoast-seo-wordpress\/ -->\n<title>Adaptador de sello de arena de aluminio - Parts By MST, LLC<\/title>\n<meta name=\"robots\" content=\"index, follow, max-snippet:-1, max-image-preview:large, max-video-preview:-1\" \/>\n<link rel=\"canonical\" href=\"https:\/\/www.partsbymst.com\/es\/shop\/sin%20categor\u00eda\/adaptador-de-aluminio-arena-sello\/\" \/>\n<meta property=\"og:locale\" content=\"es_ES\" \/>\n<meta property=\"og:type\" content=\"article\" \/>\n<meta property=\"og:title\" content=\"Adaptador de sello de arena de aluminio - Parts By MST, LLC\" \/>\n<meta property=\"og:description\" content=\"Nunca ha sido m\u00e1s f\u00e1cil conseguir que el sello de arena para permanecer en su lugar! El adaptador de sello de arena MST es la soluci\u00f3n correcta. Mecanizado a partir del aluminio 6061-T6, se dise\u00f1a para presionar derecho adentro a su caso existente. Sin l\u00edo, sin alboroto! \u00a1Consiga el suyo hoy!\" \/>\n<meta property=\"og:url\" content=\"https:\/\/www.partsbymst.com\/es\/shop\/sin categor\u00eda\/adaptador-de-aluminio-arena-sello\/\" \/>\n<meta property=\"og:site_name\" content=\"Parts By MST, LLC\" \/>\n<meta property=\"article:publisher\" content=\"https:\/\/www.facebook.com\/MotorsportsTulsa\/\" \/>\n<meta property=\"article:modified_time\" content=\"2020-03-13T17:05:45+00:00\" \/>\n<meta property=\"og:image\" content=\"https:\/\/www.partsbymst.com\/wp-content\/uploads\/2016\/09\/AlumSandSealAdapter.jpg\" \/>\n\t<meta property=\"og:image:width\" content=\"2160\" \/>\n\t<meta property=\"og:image:height\" content=\"2349\" \/>\n\t<meta property=\"og:image:type\" content=\"image\/jpeg\" \/>\n<meta name=\"twitter:card\" content=\"summary_large_image\" \/>\n<script type=\"application\/ld+json\" class=\"yoast-schema-graph\">{\"@context\":\"https:\/\/schema.org\",\"@graph\":[{\"@type\":\"WebPage\",\"@id\":\"https:\/\/www.partsbymst.com\/es\/shop\/sin categor\u00eda\/adaptador-de-aluminio-arena-sello\/\",\"url\":\"https:\/\/www.partsbymst.com\/es\/shop\/sin categor\u00eda\/adaptador-de-aluminio-arena-sello\/\",\"name\":\"Adaptador de sello de arena de aluminio - Parts By MST, LLC\",\"isPartOf\":{\"@id\":\"https:\/\/www.partsbymst.com\/es\/#website\"},\"primaryImageOfPage\":{\"@id\":\"https:\/\/www.partsbymst.com\/es\/shop\/sin categor\u00eda\/adaptador-de-aluminio-arena-sello\/#primaryimage\"},\"image\":{\"@id\":\"https:\/\/www.partsbymst.com\/es\/shop\/sin categor\u00eda\/adaptador-de-aluminio-arena-sello\/#primaryimage\"},\"thumbnailUrl\":\"https:\/\/www.partsbymst.com\/wp-content\/uploads\/2016\/09\/AlumSandSealAdapter.jpg\",\"datePublished\":\"2013-10-18T19:44:37+00:00\",\"dateModified\":\"2020-03-13T17:05:45+00:00\",\"breadcrumb\":{\"@id\":\"https:\/\/www.partsbymst.com\/es\/shop\/sin categor\u00eda\/adaptador-de-aluminio-arena-sello\/#breadcrumb\"},\"inLanguage\":\"es\",\"potentialAction\":[{\"@type\":\"ReadAction\",\"target\":[\"https:\/\/www.partsbymst.com\/es\/shop\/sin categor\u00eda\/adaptador-de-aluminio-arena-sello\/\"]}]},{\"@type\":\"ImageObject\",\"inLanguage\":\"es\",\"@id\":\"https:\/\/www.partsbymst.com\/es\/shop\/sin categor\u00eda\/adaptador-de-aluminio-arena-sello\/#primaryimage\",\"url\":\"https:\/\/www.partsbymst.com\/wp-content\/uploads\/2016\/09\/AlumSandSealAdapter.jpg\",\"contentUrl\":\"https:\/\/www.partsbymst.com\/wp-content\/uploads\/2016\/09\/AlumSandSealAdapter.jpg\",\"width\":2160,\"height\":2349,\"caption\":\"alumsandsealadapter\"},{\"@type\":\"BreadcrumbList\",\"@id\":\"https:\/\/www.partsbymst.com\/es\/shop\/sin categor\u00eda\/adaptador-de-aluminio-arena-sello\/#breadcrumb\",\"itemListElement\":[{\"@type\":\"ListItem\",\"position\":1,\"name\":\"Home\",\"item\":\"https:\/\/www.partsbymst.com\/es\/\"},{\"@type\":\"ListItem\",\"position\":2,\"name\":\"Shop\",\"item\":\"https:\/\/www.partsbymst.com\/shop\/\"},{\"@type\":\"ListItem\",\"position\":3,\"name\":\"Adaptador de sello de arena de aluminio\"}]},{\"@type\":\"WebSite\",\"@id\":\"https:\/\/www.partsbymst.com\/es\/#website\",\"url\":\"https:\/\/www.partsbymst.com\/es\/\",\"name\":\"Parts By MST, LLC\",\"description\":\"Your Source for Quality VW Aftermarket Parts\",\"publisher\":{\"@id\":\"https:\/\/www.partsbymst.com\/es\/#organization\"},\"potentialAction\":[{\"@type\":\"SearchAction\",\"target\":{\"@type\":\"EntryPoint\",\"urlTemplate\":\"https:\/\/www.partsbymst.com\/es\/?s={search_term_string}\"},\"query-input\":{\"@type\":\"PropertyValueSpecification\",\"valueRequired\":true,\"valueName\":\"search_term_string\"}}],\"inLanguage\":\"es\"},{\"@type\":\"Organization\",\"@id\":\"https:\/\/www.partsbymst.com\/es\/#organization\",\"name\":\"MST\",\"url\":\"https:\/\/www.partsbymst.com\/es\/\",\"logo\":{\"@type\":\"ImageObject\",\"inLanguage\":\"es\",\"@id\":\"https:\/\/www.partsbymst.com\/es\/#\/schema\/logo\/image\/\",\"url\":\"https:\/\/www.partsbymst.com\/wp-content\/uploads\/2017\/02\/mst-email-header.png\",\"contentUrl\":\"https:\/\/www.partsbymst.com\/wp-content\/uploads\/2017\/02\/mst-email-header.png\",\"width\":600,\"height\":120,\"caption\":\"MST\"},\"image\":{\"@id\":\"https:\/\/www.partsbymst.com\/es\/#\/schema\/logo\/image\/\"},\"sameAs\":[\"https:\/\/www.facebook.com\/MotorsportsTulsa\/\",\"http:\/\/instagram.com\/mst_vw_parts\",\"https:\/\/www.youtube.com\/channel\/UCJaFJ_EwfmfNdZJllWwWr1A\"]}]}<\/script>\n<!-- \/ Yoast SEO plugin. -->","yoast_head_json":{"title":"Adaptador de sello de arena de aluminio - Parts By MST, LLC","robots":{"index":"index","follow":"follow","max-snippet":"max-snippet:-1","max-image-preview":"max-image-preview:large","max-video-preview":"max-video-preview:-1"},"canonical":"https:\/\/www.partsbymst.com\/es\/shop\/sin categor\u00eda\/adaptador-de-aluminio-arena-sello\/","og_locale":"es_ES","og_type":"article","og_title":"Adaptador de sello de arena de aluminio - Parts By MST, LLC","og_description":"Nunca ha sido m\u00e1s f\u00e1cil conseguir que el sello de arena para permanecer en su lugar! El adaptador de sello de arena MST es la soluci\u00f3n correcta. Mecanizado a partir del aluminio 6061-T6, se dise\u00f1a para presionar derecho adentro a su caso existente. Sin l\u00edo, sin alboroto! \u00a1Consiga el suyo hoy!","og_url":"https:\/\/www.partsbymst.com\/es\/shop\/sin categor\u00eda\/adaptador-de-aluminio-arena-sello\/","og_site_name":"Parts By MST, LLC","article_publisher":"https:\/\/www.facebook.com\/MotorsportsTulsa\/","article_modified_time":"2020-03-13T17:05:45+00:00","og_image":[{"width":2160,"height":2349,"url":"https:\/\/www.partsbymst.com\/wp-content\/uploads\/2016\/09\/AlumSandSealAdapter.jpg","type":"image\/jpeg"}],"twitter_card":"summary_large_image","schema":{"@context":"https:\/\/schema.org","@graph":[{"@type":"WebPage","@id":"https:\/\/www.partsbymst.com\/es\/shop\/sin categor\u00eda\/adaptador-de-aluminio-arena-sello\/","url":"https:\/\/www.partsbymst.com\/es\/shop\/sin categor\u00eda\/adaptador-de-aluminio-arena-sello\/","name":"Adaptador de sello de arena de aluminio - Parts By MST, LLC","isPartOf":{"@id":"https:\/\/www.partsbymst.com\/es\/#website"},"primaryImageOfPage":{"@id":"https:\/\/www.partsbymst.com\/es\/shop\/sin categor\u00eda\/adaptador-de-aluminio-arena-sello\/#primaryimage"},"image":{"@id":"https:\/\/www.partsbymst.com\/es\/shop\/sin categor\u00eda\/adaptador-de-aluminio-arena-sello\/#primaryimage"},"thumbnailUrl":"https:\/\/www.partsbymst.com\/wp-content\/uploads\/2016\/09\/AlumSandSealAdapter.jpg","datePublished":"2013-10-18T19:44:37+00:00","dateModified":"2020-03-13T17:05:45+00:00","breadcrumb":{"@id":"https:\/\/www.partsbymst.com\/es\/shop\/sin categor\u00eda\/adaptador-de-aluminio-arena-sello\/#breadcrumb"},"inLanguage":"es","potentialAction":[{"@type":"ReadAction","target":["https:\/\/www.partsbymst.com\/es\/shop\/sin categor\u00eda\/adaptador-de-aluminio-arena-sello\/"]}]},{"@type":"ImageObject","inLanguage":"es","@id":"https:\/\/www.partsbymst.com\/es\/shop\/sin categor\u00eda\/adaptador-de-aluminio-arena-sello\/#primaryimage","url":"https:\/\/www.partsbymst.com\/wp-content\/uploads\/2016\/09\/AlumSandSealAdapter.jpg","contentUrl":"https:\/\/www.partsbymst.com\/wp-content\/uploads\/2016\/09\/AlumSandSealAdapter.jpg","width":2160,"height":2349,"caption":"alumsandsealadapter"},{"@type":"BreadcrumbList","@id":"https:\/\/www.partsbymst.com\/es\/shop\/sin categor\u00eda\/adaptador-de-aluminio-arena-sello\/#breadcrumb","itemListElement":[{"@type":"ListItem","position":1,"name":"Home","item":"https:\/\/www.partsbymst.com\/es\/"},{"@type":"ListItem","position":2,"name":"Shop","item":"https:\/\/www.partsbymst.com\/shop\/"},{"@type":"ListItem","position":3,"name":"Adaptador de sello de arena de aluminio"}]},{"@type":"WebSite","@id":"https:\/\/www.partsbymst.com\/es\/#website","url":"https:\/\/www.partsbymst.com\/es\/","name":"Parts By MST, LLC","description":"Your Source for Quality VW Aftermarket Parts","publisher":{"@id":"https:\/\/www.partsbymst.com\/es\/#organization"},"potentialAction":[{"@type":"SearchAction","target":{"@type":"EntryPoint","urlTemplate":"https:\/\/www.partsbymst.com\/es\/?s={search_term_string}"},"query-input":{"@type":"PropertyValueSpecification","valueRequired":true,"valueName":"search_term_string"}}],"inLanguage":"es"},{"@type":"Organization","@id":"https:\/\/www.partsbymst.com\/es\/#organization","name":"MST","url":"https:\/\/www.partsbymst.com\/es\/","logo":{"@type":"ImageObject","inLanguage":"es","@id":"https:\/\/www.partsbymst.com\/es\/#\/schema\/logo\/image\/","url":"https:\/\/www.partsbymst.com\/wp-content\/uploads\/2017\/02\/mst-email-header.png","contentUrl":"https:\/\/www.partsbymst.com\/wp-content\/uploads\/2017\/02\/mst-email-header.png","width":600,"height":120,"caption":"MST"},"image":{"@id":"https:\/\/www.partsbymst.com\/es\/#\/schema\/logo\/image\/"},"sameAs":["https:\/\/www.facebook.com\/MotorsportsTulsa\/","http:\/\/instagram.com\/mst_vw_parts","https:\/\/www.youtube.com\/channel\/UCJaFJ_EwfmfNdZJllWwWr1A"]}]}},"_links":{"self":[{"href":"https:\/\/www.partsbymst.com\/es\/wp-json\/wp\/v2\/product\/2214","targetHints":{"allow":["GET"]}}],"collection":[{"href":"https:\/\/www.partsbymst.com\/es\/wp-json\/wp\/v2\/product"}],"about":[{"href":"https:\/\/www.partsbymst.com\/es\/wp-json\/wp\/v2\/types\/product"}],"replies":[{"embeddable":true,"href":"https:\/\/www.partsbymst.com\/es\/wp-json\/wp\/v2\/comments?post=2214"}],"wp:featuredmedia":[{"embeddable":true,"href":"https:\/\/www.partsbymst.com\/es\/wp-json\/wp\/v2\/media\/1658"}],"wp:attachment":[{"href":"https:\/\/www.partsbymst.com\/es\/wp-json\/wp\/v2\/media?parent=2214"}],"wp:term":[{"taxonomy":"product_brand","embeddable":true,"href":"https:\/\/www.partsbymst.com\/es\/wp-json\/wp\/v2\/product_brand?post=2214"},{"taxonomy":"product_cat","embeddable":true,"href":"https:\/\/www.partsbymst.com\/es\/wp-json\/wp\/v2\/product_cat?post=2214"},{"taxonomy":"product_tag","embeddable":true,"href":"https:\/\/www.partsbymst.com\/es\/wp-json\/wp\/v2\/product_tag?post=2214"}],"curies":[{"name":"wp","href":"https:\/\/api.w.org\/{rel}","templated":true}]}}