{"id":2215,"date":"2013-10-22T10:29:24","date_gmt":"2013-10-22T15:29:24","guid":{"rendered":"https:\/\/www.partsbymst.com\/shop\/uncategorized\/soporte-del-alternador\/"},"modified":"2020-03-13T12:07:50","modified_gmt":"2020-03-13T17:07:50","slug":"soporte-del-alternador","status":"publish","type":"product","link":"https:\/\/www.partsbymst.com\/es\/shop\/soporte-del-alternador\/soporte-del-alternador\/","title":{"rendered":"Carrito de compras"},"content":{"rendered":"<p>Aficionados de Volkswagen les encanta el Alternador MST \/ Generator Stand. Sirviendo como un reemplazo directo a su instalaci\u00f3n existente, el Soporte Alternador MST no necesita modificaciones ni mejoras y funciona tanto con el alternador como con el generador.<\/p>\n<p>El orificio de llenado tiene un hilo universal que permite su uso con muchos otros tapones de relleno y rejillas de recambio.<\/p>\n<p>Deje de jugar y obtenga el \u00fanico Stand Alt \/ Gen que promete un ajuste cada vez! Nuestro proceso de fabricaci\u00f3n comienza con el mecanizado preciso del aluminio 6061-T6 en una m\u00e1quina CNC de 5 ejes. \u00a1Obt\u00e9n la artesan\u00eda que esperas de un producto Made in the USA!<\/p>\n<p>Disponible en negro, plata, rojo, azul y verde lima.<\/p>\n","protected":false},"excerpt":{"rendered":"<p>\u00a1Mejora la apariencia de tu motor y consigue un ajuste garantizado cada vez con el Soporte de Alternador \u00fanico de MST para V-dubs refrigerado por aire! Disponible en una variedad de colores y convertirse r\u00e1pidamente en el nuevo est\u00e1ndar para un stand de Alt \/ Gen de reemplazo.<\/p>\n","protected":false},"featured_media":11025,"comment_status":"open","ping_status":"closed","template":"","meta":[],"product_brand":[],"product_cat":[169],"product_tag":[227,228,187,192,199,188,220,210,231,246,249,196],"class_list":{"0":"post-2215","1":"product","2":"type-product","3":"status-publish","4":"has-post-thumbnail","6":"product_cat-soporte-del-alternador","7":"product_tag-altgen-stand-es","8":"product_tag-alternadores","9":"product_tag-aluminio","10":"product_tag-azul","11":"product_tag-mst-es","12":"product_tag-palanquilla","13":"product_tag-plata","14":"product_tag-rojo","15":"product_tag-soporte-del-alternador","16":"product_tag-soporte-del-generador","17":"product_tag-verde","18":"product_tag-verde-lima","19":"product_shipping_class-sistemas-de-poleas","21":"first","22":"instock","23":"taxable","24":"shipping-taxable","25":"purchasable","26":"product-type-variable"},"supplier_id":null,"supplier_sku":"","barcode":null,"atum_controlled":true,"out_stock_date":null,"out_stock_threshold":null,"inheritable":false,"inbound_stock":0,"stock_on_hold":4,"sold_today":1,"sales_last_days":6,"reserved_stock":0,"customer_returns":0,"warehouse_damage":0,"lost_in_post":0,"other_logs":0,"out_stock_days":0,"lost_sales":0,"has_location":false,"update_date":"2026-05-01T21:10:17","atum_locations":[],"atum_stock_status":"instock","restock_status":false,"low_stock_amount":"","sales_update_date":"2026-04-01T04:11:20","calc_backorders":null,"yoast_head":"<!-- This site is optimized with the Yoast SEO plugin v27.2 - https:\/\/yoast.com\/product\/yoast-seo-wordpress\/ -->\n<title>Carrito de compras - Parts By MST, LLC<\/title>\n<meta name=\"robots\" content=\"index, follow, max-snippet:-1, max-image-preview:large, max-video-preview:-1\" \/>\n<link rel=\"canonical\" href=\"https:\/\/www.partsbymst.com\/es\/shop\/soporte-del-alternador\/soporte-del-alternador\/\" \/>\n<meta property=\"og:locale\" content=\"es_ES\" \/>\n<meta property=\"og:type\" content=\"article\" \/>\n<meta property=\"og:title\" content=\"Carrito de compras - Parts By MST, LLC\" \/>\n<meta property=\"og:description\" content=\"\u00a1Mejora la apariencia de tu motor y consigue un ajuste garantizado cada vez con el Soporte de Alternador \u00fanico de MST para V-dubs refrigerado por aire! Disponible en una variedad de colores y convertirse r\u00e1pidamente en el nuevo est\u00e1ndar para un stand de Alt \/ Gen de reemplazo.\" \/>\n<meta property=\"og:url\" content=\"https:\/\/www.partsbymst.com\/es\/shop\/soporte-del-alternador\/soporte-del-alternador\/\" \/>\n<meta property=\"og:site_name\" content=\"Parts By MST, LLC\" \/>\n<meta property=\"article:publisher\" content=\"https:\/\/www.facebook.com\/MotorsportsTulsa\/\" \/>\n<meta property=\"article:modified_time\" content=\"2020-03-13T17:07:50+00:00\" \/>\n<meta property=\"og:image\" content=\"https:\/\/www.partsbymst.com\/wp-content\/uploads\/2025\/08\/M1M-37-2-scaled.jpg\" \/>\n\t<meta property=\"og:image:width\" content=\"2560\" \/>\n\t<meta property=\"og:image:height\" content=\"1708\" \/>\n\t<meta property=\"og:image:type\" content=\"image\/jpeg\" \/>\n<meta name=\"twitter:card\" content=\"summary_large_image\" \/>\n<meta name=\"twitter:label1\" content=\"Tiempo de lectura\" \/>\n\t<meta name=\"twitter:data1\" content=\"1 minuto\" \/>\n<script type=\"application\/ld+json\" class=\"yoast-schema-graph\">{\"@context\":\"https:\/\/schema.org\",\"@graph\":[{\"@type\":\"WebPage\",\"@id\":\"https:\/\/www.partsbymst.com\/es\/shop\/soporte-del-alternador\/soporte-del-alternador\/\",\"url\":\"https:\/\/www.partsbymst.com\/es\/shop\/soporte-del-alternador\/soporte-del-alternador\/\",\"name\":\"Carrito de compras - Parts By MST, LLC\",\"isPartOf\":{\"@id\":\"https:\/\/www.partsbymst.com\/es\/#website\"},\"primaryImageOfPage\":{\"@id\":\"https:\/\/www.partsbymst.com\/es\/shop\/soporte-del-alternador\/soporte-del-alternador\/#primaryimage\"},\"image\":{\"@id\":\"https:\/\/www.partsbymst.com\/es\/shop\/soporte-del-alternador\/soporte-del-alternador\/#primaryimage\"},\"thumbnailUrl\":\"https:\/\/www.partsbymst.com\/wp-content\/uploads\/2025\/08\/M1M-37-2-scaled.jpg\",\"datePublished\":\"2013-10-22T15:29:24+00:00\",\"dateModified\":\"2020-03-13T17:07:50+00:00\",\"breadcrumb\":{\"@id\":\"https:\/\/www.partsbymst.com\/es\/shop\/soporte-del-alternador\/soporte-del-alternador\/#breadcrumb\"},\"inLanguage\":\"es\",\"potentialAction\":[{\"@type\":\"ReadAction\",\"target\":[\"https:\/\/www.partsbymst.com\/es\/shop\/soporte-del-alternador\/soporte-del-alternador\/\"]}]},{\"@type\":\"ImageObject\",\"inLanguage\":\"es\",\"@id\":\"https:\/\/www.partsbymst.com\/es\/shop\/soporte-del-alternador\/soporte-del-alternador\/#primaryimage\",\"url\":\"https:\/\/www.partsbymst.com\/wp-content\/uploads\/2025\/08\/M1M-37-2-scaled.jpg\",\"contentUrl\":\"https:\/\/www.partsbymst.com\/wp-content\/uploads\/2025\/08\/M1M-37-2-scaled.jpg\",\"width\":2560,\"height\":1708},{\"@type\":\"BreadcrumbList\",\"@id\":\"https:\/\/www.partsbymst.com\/es\/shop\/soporte-del-alternador\/soporte-del-alternador\/#breadcrumb\",\"itemListElement\":[{\"@type\":\"ListItem\",\"position\":1,\"name\":\"Home\",\"item\":\"https:\/\/www.partsbymst.com\/es\/\"},{\"@type\":\"ListItem\",\"position\":2,\"name\":\"Shop\",\"item\":\"https:\/\/www.partsbymst.com\/shop\/\"},{\"@type\":\"ListItem\",\"position\":3,\"name\":\"Carrito de compras\"}]},{\"@type\":\"WebSite\",\"@id\":\"https:\/\/www.partsbymst.com\/es\/#website\",\"url\":\"https:\/\/www.partsbymst.com\/es\/\",\"name\":\"Parts By MST, LLC\",\"description\":\"Your Source for Quality VW Aftermarket Parts\",\"publisher\":{\"@id\":\"https:\/\/www.partsbymst.com\/es\/#organization\"},\"potentialAction\":[{\"@type\":\"SearchAction\",\"target\":{\"@type\":\"EntryPoint\",\"urlTemplate\":\"https:\/\/www.partsbymst.com\/es\/?s={search_term_string}\"},\"query-input\":{\"@type\":\"PropertyValueSpecification\",\"valueRequired\":true,\"valueName\":\"search_term_string\"}}],\"inLanguage\":\"es\"},{\"@type\":\"Organization\",\"@id\":\"https:\/\/www.partsbymst.com\/es\/#organization\",\"name\":\"MST\",\"url\":\"https:\/\/www.partsbymst.com\/es\/\",\"logo\":{\"@type\":\"ImageObject\",\"inLanguage\":\"es\",\"@id\":\"https:\/\/www.partsbymst.com\/es\/#\/schema\/logo\/image\/\",\"url\":\"https:\/\/www.partsbymst.com\/wp-content\/uploads\/2017\/02\/mst-email-header.png\",\"contentUrl\":\"https:\/\/www.partsbymst.com\/wp-content\/uploads\/2017\/02\/mst-email-header.png\",\"width\":600,\"height\":120,\"caption\":\"MST\"},\"image\":{\"@id\":\"https:\/\/www.partsbymst.com\/es\/#\/schema\/logo\/image\/\"},\"sameAs\":[\"https:\/\/www.facebook.com\/MotorsportsTulsa\/\",\"http:\/\/instagram.com\/mst_vw_parts\",\"https:\/\/www.youtube.com\/channel\/UCJaFJ_EwfmfNdZJllWwWr1A\"]}]}<\/script>\n<!-- \/ Yoast SEO plugin. -->","yoast_head_json":{"title":"Carrito de compras - Parts By MST, LLC","robots":{"index":"index","follow":"follow","max-snippet":"max-snippet:-1","max-image-preview":"max-image-preview:large","max-video-preview":"max-video-preview:-1"},"canonical":"https:\/\/www.partsbymst.com\/es\/shop\/soporte-del-alternador\/soporte-del-alternador\/","og_locale":"es_ES","og_type":"article","og_title":"Carrito de compras - Parts By MST, LLC","og_description":"\u00a1Mejora la apariencia de tu motor y consigue un ajuste garantizado cada vez con el Soporte de Alternador \u00fanico de MST para V-dubs refrigerado por aire! Disponible en una variedad de colores y convertirse r\u00e1pidamente en el nuevo est\u00e1ndar para un stand de Alt \/ Gen de reemplazo.","og_url":"https:\/\/www.partsbymst.com\/es\/shop\/soporte-del-alternador\/soporte-del-alternador\/","og_site_name":"Parts By MST, LLC","article_publisher":"https:\/\/www.facebook.com\/MotorsportsTulsa\/","article_modified_time":"2020-03-13T17:07:50+00:00","og_image":[{"width":2560,"height":1708,"url":"https:\/\/www.partsbymst.com\/wp-content\/uploads\/2025\/08\/M1M-37-2-scaled.jpg","type":"image\/jpeg"}],"twitter_card":"summary_large_image","twitter_misc":{"Tiempo de lectura":"1 minuto"},"schema":{"@context":"https:\/\/schema.org","@graph":[{"@type":"WebPage","@id":"https:\/\/www.partsbymst.com\/es\/shop\/soporte-del-alternador\/soporte-del-alternador\/","url":"https:\/\/www.partsbymst.com\/es\/shop\/soporte-del-alternador\/soporte-del-alternador\/","name":"Carrito de compras - Parts By MST, LLC","isPartOf":{"@id":"https:\/\/www.partsbymst.com\/es\/#website"},"primaryImageOfPage":{"@id":"https:\/\/www.partsbymst.com\/es\/shop\/soporte-del-alternador\/soporte-del-alternador\/#primaryimage"},"image":{"@id":"https:\/\/www.partsbymst.com\/es\/shop\/soporte-del-alternador\/soporte-del-alternador\/#primaryimage"},"thumbnailUrl":"https:\/\/www.partsbymst.com\/wp-content\/uploads\/2025\/08\/M1M-37-2-scaled.jpg","datePublished":"2013-10-22T15:29:24+00:00","dateModified":"2020-03-13T17:07:50+00:00","breadcrumb":{"@id":"https:\/\/www.partsbymst.com\/es\/shop\/soporte-del-alternador\/soporte-del-alternador\/#breadcrumb"},"inLanguage":"es","potentialAction":[{"@type":"ReadAction","target":["https:\/\/www.partsbymst.com\/es\/shop\/soporte-del-alternador\/soporte-del-alternador\/"]}]},{"@type":"ImageObject","inLanguage":"es","@id":"https:\/\/www.partsbymst.com\/es\/shop\/soporte-del-alternador\/soporte-del-alternador\/#primaryimage","url":"https:\/\/www.partsbymst.com\/wp-content\/uploads\/2025\/08\/M1M-37-2-scaled.jpg","contentUrl":"https:\/\/www.partsbymst.com\/wp-content\/uploads\/2025\/08\/M1M-37-2-scaled.jpg","width":2560,"height":1708},{"@type":"BreadcrumbList","@id":"https:\/\/www.partsbymst.com\/es\/shop\/soporte-del-alternador\/soporte-del-alternador\/#breadcrumb","itemListElement":[{"@type":"ListItem","position":1,"name":"Home","item":"https:\/\/www.partsbymst.com\/es\/"},{"@type":"ListItem","position":2,"name":"Shop","item":"https:\/\/www.partsbymst.com\/shop\/"},{"@type":"ListItem","position":3,"name":"Carrito de compras"}]},{"@type":"WebSite","@id":"https:\/\/www.partsbymst.com\/es\/#website","url":"https:\/\/www.partsbymst.com\/es\/","name":"Parts By MST, LLC","description":"Your Source for Quality VW Aftermarket Parts","publisher":{"@id":"https:\/\/www.partsbymst.com\/es\/#organization"},"potentialAction":[{"@type":"SearchAction","target":{"@type":"EntryPoint","urlTemplate":"https:\/\/www.partsbymst.com\/es\/?s={search_term_string}"},"query-input":{"@type":"PropertyValueSpecification","valueRequired":true,"valueName":"search_term_string"}}],"inLanguage":"es"},{"@type":"Organization","@id":"https:\/\/www.partsbymst.com\/es\/#organization","name":"MST","url":"https:\/\/www.partsbymst.com\/es\/","logo":{"@type":"ImageObject","inLanguage":"es","@id":"https:\/\/www.partsbymst.com\/es\/#\/schema\/logo\/image\/","url":"https:\/\/www.partsbymst.com\/wp-content\/uploads\/2017\/02\/mst-email-header.png","contentUrl":"https:\/\/www.partsbymst.com\/wp-content\/uploads\/2017\/02\/mst-email-header.png","width":600,"height":120,"caption":"MST"},"image":{"@id":"https:\/\/www.partsbymst.com\/es\/#\/schema\/logo\/image\/"},"sameAs":["https:\/\/www.facebook.com\/MotorsportsTulsa\/","http:\/\/instagram.com\/mst_vw_parts","https:\/\/www.youtube.com\/channel\/UCJaFJ_EwfmfNdZJllWwWr1A"]}]}},"_links":{"self":[{"href":"https:\/\/www.partsbymst.com\/es\/wp-json\/wp\/v2\/product\/2215","targetHints":{"allow":["GET"]}}],"collection":[{"href":"https:\/\/www.partsbymst.com\/es\/wp-json\/wp\/v2\/product"}],"about":[{"href":"https:\/\/www.partsbymst.com\/es\/wp-json\/wp\/v2\/types\/product"}],"replies":[{"embeddable":true,"href":"https:\/\/www.partsbymst.com\/es\/wp-json\/wp\/v2\/comments?post=2215"}],"wp:featuredmedia":[{"embeddable":true,"href":"https:\/\/www.partsbymst.com\/es\/wp-json\/wp\/v2\/media\/11025"}],"wp:attachment":[{"href":"https:\/\/www.partsbymst.com\/es\/wp-json\/wp\/v2\/media?parent=2215"}],"wp:term":[{"taxonomy":"product_brand","embeddable":true,"href":"https:\/\/www.partsbymst.com\/es\/wp-json\/wp\/v2\/product_brand?post=2215"},{"taxonomy":"product_cat","embeddable":true,"href":"https:\/\/www.partsbymst.com\/es\/wp-json\/wp\/v2\/product_cat?post=2215"},{"taxonomy":"product_tag","embeddable":true,"href":"https:\/\/www.partsbymst.com\/es\/wp-json\/wp\/v2\/product_tag?post=2215"}],"curies":[{"name":"wp","href":"https:\/\/api.w.org\/{rel}","templated":true}]}}