{"id":2233,"date":"2013-10-23T01:40:42","date_gmt":"2013-10-23T06:40:42","guid":{"rendered":"https:\/\/www.partsbymst.com\/shop\/uncategorized\/empujador-rod-tubos-set-de-8\/"},"modified":"2020-03-13T12:06:17","modified_gmt":"2020-03-13T17:06:17","slug":"empujador-rod-tubos-set-de-8","status":"publish","type":"product","link":"https:\/\/www.partsbymst.com\/es\/shop\/componentes-y-accesorios-del-motor\/varillas-de-empuje\/empujador-rod-tubos-set-de-8\/","title":{"rendered":"Tubos de empuje &#8211; Juego de 8"},"content":{"rendered":"<p>Los propietarios de VW refrigerados por aire saben que una de las zonas dif\u00edciles de problemas de fugas son los tubos de varilla de empuje. Lo hemos arreglado. Los tubos MST Push Rod son de precisi\u00f3n girados desde el aluminio 6061-T6 en un torno CNC.<\/p>\n<p>Su Kit viene con:<\/p>\n<ul class=\"circle dotted\">\n<li>Juego de 8 Tubos<\/li>\n<li>8 resortes<\/li>\n<li>O-Rings<\/li>\n<li>Sellos de aceite<\/li>\n<li>Instrucciones de instalaci\u00f3n\n<\/li>\n<\/ul>\n<p>Si alguna vez has experimentado fugas, tienes que probar estas! Disponible en negro, plata, rojo, azul y verde lima. Hecho en los EE.UU.<\/p>\n<p>Nota: Las varillas de empuje de MST se ajustan a los brazos oscilantes de 1.1: 1 y no est\u00e1n dise\u00f1adas para trabajar con los balancines de elevaci\u00f3n alta.<\/p>\n","protected":false},"excerpt":{"rendered":"<p>\u00a1Diga adi\u00f3s a los tubos con fugas! Pruebe estos elegantes y fiables MST Push Rod Tubes. Ellos son mecanizados con precisi\u00f3n de aluminio de calidad avi\u00f3n y dise\u00f1ado para mantener el petr\u00f3leo donde pertenece &#8211; en su motor!<\/p>\n","protected":false},"featured_media":11007,"comment_status":"open","ping_status":"closed","template":"","meta":[],"product_brand":[],"product_cat":[177],"product_tag":[192,257,199,191,188,220,210,261,258,196],"class_list":{"0":"post-2233","1":"product","2":"type-product","3":"status-publish","4":"has-post-thumbnail","6":"product_cat-varillas-de-empuje","7":"product_tag-azul","8":"product_tag-conjunto-de-varilla-de-empuje","9":"product_tag-mst-es","10":"product_tag-negro","11":"product_tag-palanquilla","12":"product_tag-plata","13":"product_tag-rojo","14":"product_tag-tubos-de-varilla-de-empuje","15":"product_tag-varillas-de-empuje","16":"product_tag-verde-lima","17":"product_shipping_class-sistemas-de-poleas","19":"first","20":"instock","21":"featured","22":"taxable","23":"shipping-taxable","24":"purchasable","25":"product-type-variable","26":"has-default-attributes"},"supplier_id":null,"supplier_sku":"","barcode":null,"atum_controlled":true,"out_stock_date":null,"out_stock_threshold":null,"inheritable":false,"inbound_stock":0,"stock_on_hold":0,"sold_today":0,"sales_last_days":0,"reserved_stock":0,"customer_returns":0,"warehouse_damage":0,"lost_in_post":0,"other_logs":0,"out_stock_days":0,"lost_sales":0,"has_location":false,"update_date":"2026-04-15T04:33:51","atum_locations":[],"atum_stock_status":"instock","restock_status":false,"low_stock_amount":"","sales_update_date":"2026-04-15T04:33:50","calc_backorders":null,"yoast_head":"<!-- This site is optimized with the Yoast SEO plugin v27.2 - https:\/\/yoast.com\/product\/yoast-seo-wordpress\/ -->\n<title>Tubos de empuje - Juego de 8 - Parts By MST, LLC<\/title>\n<meta name=\"robots\" content=\"index, follow, max-snippet:-1, max-image-preview:large, max-video-preview:-1\" \/>\n<link rel=\"canonical\" href=\"https:\/\/www.partsbymst.com\/es\/shop\/componentes-y-accesorios-del-motor\/varillas-de-empuje\/empujador-rod-tubos-set-de-8\/\" \/>\n<meta property=\"og:locale\" content=\"es_ES\" \/>\n<meta property=\"og:type\" content=\"article\" \/>\n<meta property=\"og:title\" content=\"Tubos de empuje - Juego de 8 - Parts By MST, LLC\" \/>\n<meta property=\"og:description\" content=\"\u00a1Diga adi\u00f3s a los tubos con fugas! Pruebe estos elegantes y fiables MST Push Rod Tubes. Ellos son mecanizados con precisi\u00f3n de aluminio de calidad avi\u00f3n y dise\u00f1ado para mantener el petr\u00f3leo donde pertenece - en su motor!\" \/>\n<meta property=\"og:url\" content=\"https:\/\/www.partsbymst.com\/es\/shop\/componentes-y-accesorios-del-motor\/varillas-de-empuje\/empujador-rod-tubos-set-de-8\/\" \/>\n<meta property=\"og:site_name\" content=\"Parts By MST, LLC\" \/>\n<meta property=\"article:publisher\" content=\"https:\/\/www.facebook.com\/MotorsportsTulsa\/\" \/>\n<meta property=\"article:modified_time\" content=\"2020-03-13T17:06:17+00:00\" \/>\n<meta property=\"og:image\" content=\"https:\/\/www.partsbymst.com\/wp-content\/uploads\/2025\/08\/M1M-50-2-scaled.jpg\" \/>\n\t<meta property=\"og:image:width\" content=\"2560\" \/>\n\t<meta property=\"og:image:height\" content=\"1831\" \/>\n\t<meta property=\"og:image:type\" content=\"image\/jpeg\" \/>\n<meta name=\"twitter:card\" content=\"summary_large_image\" \/>\n<meta name=\"twitter:label1\" content=\"Tiempo de lectura\" \/>\n\t<meta name=\"twitter:data1\" content=\"1 minuto\" \/>\n<script type=\"application\/ld+json\" class=\"yoast-schema-graph\">{\"@context\":\"https:\/\/schema.org\",\"@graph\":[{\"@type\":\"WebPage\",\"@id\":\"https:\/\/www.partsbymst.com\/es\/shop\/componentes-y-accesorios-del-motor\/varillas-de-empuje\/empujador-rod-tubos-set-de-8\/\",\"url\":\"https:\/\/www.partsbymst.com\/es\/shop\/componentes-y-accesorios-del-motor\/varillas-de-empuje\/empujador-rod-tubos-set-de-8\/\",\"name\":\"Tubos de empuje - Juego de 8 - Parts By MST, LLC\",\"isPartOf\":{\"@id\":\"https:\/\/www.partsbymst.com\/es\/#website\"},\"primaryImageOfPage\":{\"@id\":\"https:\/\/www.partsbymst.com\/es\/shop\/componentes-y-accesorios-del-motor\/varillas-de-empuje\/empujador-rod-tubos-set-de-8\/#primaryimage\"},\"image\":{\"@id\":\"https:\/\/www.partsbymst.com\/es\/shop\/componentes-y-accesorios-del-motor\/varillas-de-empuje\/empujador-rod-tubos-set-de-8\/#primaryimage\"},\"thumbnailUrl\":\"https:\/\/www.partsbymst.com\/wp-content\/uploads\/2025\/08\/M1M-50-2-scaled.jpg\",\"datePublished\":\"2013-10-23T06:40:42+00:00\",\"dateModified\":\"2020-03-13T17:06:17+00:00\",\"breadcrumb\":{\"@id\":\"https:\/\/www.partsbymst.com\/es\/shop\/componentes-y-accesorios-del-motor\/varillas-de-empuje\/empujador-rod-tubos-set-de-8\/#breadcrumb\"},\"inLanguage\":\"es\",\"potentialAction\":[{\"@type\":\"ReadAction\",\"target\":[\"https:\/\/www.partsbymst.com\/es\/shop\/componentes-y-accesorios-del-motor\/varillas-de-empuje\/empujador-rod-tubos-set-de-8\/\"]}]},{\"@type\":\"ImageObject\",\"inLanguage\":\"es\",\"@id\":\"https:\/\/www.partsbymst.com\/es\/shop\/componentes-y-accesorios-del-motor\/varillas-de-empuje\/empujador-rod-tubos-set-de-8\/#primaryimage\",\"url\":\"https:\/\/www.partsbymst.com\/wp-content\/uploads\/2025\/08\/M1M-50-2-scaled.jpg\",\"contentUrl\":\"https:\/\/www.partsbymst.com\/wp-content\/uploads\/2025\/08\/M1M-50-2-scaled.jpg\",\"width\":2560,\"height\":1831},{\"@type\":\"BreadcrumbList\",\"@id\":\"https:\/\/www.partsbymst.com\/es\/shop\/componentes-y-accesorios-del-motor\/varillas-de-empuje\/empujador-rod-tubos-set-de-8\/#breadcrumb\",\"itemListElement\":[{\"@type\":\"ListItem\",\"position\":1,\"name\":\"Home\",\"item\":\"https:\/\/www.partsbymst.com\/es\/\"},{\"@type\":\"ListItem\",\"position\":2,\"name\":\"Shop\",\"item\":\"https:\/\/www.partsbymst.com\/shop\/\"},{\"@type\":\"ListItem\",\"position\":3,\"name\":\"Tubos de empuje &#8211; Juego de 8\"}]},{\"@type\":\"WebSite\",\"@id\":\"https:\/\/www.partsbymst.com\/es\/#website\",\"url\":\"https:\/\/www.partsbymst.com\/es\/\",\"name\":\"Parts By MST, LLC\",\"description\":\"Your Source for Quality VW Aftermarket Parts\",\"publisher\":{\"@id\":\"https:\/\/www.partsbymst.com\/es\/#organization\"},\"potentialAction\":[{\"@type\":\"SearchAction\",\"target\":{\"@type\":\"EntryPoint\",\"urlTemplate\":\"https:\/\/www.partsbymst.com\/es\/?s={search_term_string}\"},\"query-input\":{\"@type\":\"PropertyValueSpecification\",\"valueRequired\":true,\"valueName\":\"search_term_string\"}}],\"inLanguage\":\"es\"},{\"@type\":\"Organization\",\"@id\":\"https:\/\/www.partsbymst.com\/es\/#organization\",\"name\":\"MST\",\"url\":\"https:\/\/www.partsbymst.com\/es\/\",\"logo\":{\"@type\":\"ImageObject\",\"inLanguage\":\"es\",\"@id\":\"https:\/\/www.partsbymst.com\/es\/#\/schema\/logo\/image\/\",\"url\":\"https:\/\/www.partsbymst.com\/wp-content\/uploads\/2017\/02\/mst-email-header.png\",\"contentUrl\":\"https:\/\/www.partsbymst.com\/wp-content\/uploads\/2017\/02\/mst-email-header.png\",\"width\":600,\"height\":120,\"caption\":\"MST\"},\"image\":{\"@id\":\"https:\/\/www.partsbymst.com\/es\/#\/schema\/logo\/image\/\"},\"sameAs\":[\"https:\/\/www.facebook.com\/MotorsportsTulsa\/\",\"http:\/\/instagram.com\/mst_vw_parts\",\"https:\/\/www.youtube.com\/channel\/UCJaFJ_EwfmfNdZJllWwWr1A\"]}]}<\/script>\n<!-- \/ Yoast SEO plugin. -->","yoast_head_json":{"title":"Tubos de empuje - Juego de 8 - Parts By MST, LLC","robots":{"index":"index","follow":"follow","max-snippet":"max-snippet:-1","max-image-preview":"max-image-preview:large","max-video-preview":"max-video-preview:-1"},"canonical":"https:\/\/www.partsbymst.com\/es\/shop\/componentes-y-accesorios-del-motor\/varillas-de-empuje\/empujador-rod-tubos-set-de-8\/","og_locale":"es_ES","og_type":"article","og_title":"Tubos de empuje - Juego de 8 - Parts By MST, LLC","og_description":"\u00a1Diga adi\u00f3s a los tubos con fugas! Pruebe estos elegantes y fiables MST Push Rod Tubes. Ellos son mecanizados con precisi\u00f3n de aluminio de calidad avi\u00f3n y dise\u00f1ado para mantener el petr\u00f3leo donde pertenece - en su motor!","og_url":"https:\/\/www.partsbymst.com\/es\/shop\/componentes-y-accesorios-del-motor\/varillas-de-empuje\/empujador-rod-tubos-set-de-8\/","og_site_name":"Parts By MST, LLC","article_publisher":"https:\/\/www.facebook.com\/MotorsportsTulsa\/","article_modified_time":"2020-03-13T17:06:17+00:00","og_image":[{"width":2560,"height":1831,"url":"https:\/\/www.partsbymst.com\/wp-content\/uploads\/2025\/08\/M1M-50-2-scaled.jpg","type":"image\/jpeg"}],"twitter_card":"summary_large_image","twitter_misc":{"Tiempo de lectura":"1 minuto"},"schema":{"@context":"https:\/\/schema.org","@graph":[{"@type":"WebPage","@id":"https:\/\/www.partsbymst.com\/es\/shop\/componentes-y-accesorios-del-motor\/varillas-de-empuje\/empujador-rod-tubos-set-de-8\/","url":"https:\/\/www.partsbymst.com\/es\/shop\/componentes-y-accesorios-del-motor\/varillas-de-empuje\/empujador-rod-tubos-set-de-8\/","name":"Tubos de empuje - Juego de 8 - Parts By MST, LLC","isPartOf":{"@id":"https:\/\/www.partsbymst.com\/es\/#website"},"primaryImageOfPage":{"@id":"https:\/\/www.partsbymst.com\/es\/shop\/componentes-y-accesorios-del-motor\/varillas-de-empuje\/empujador-rod-tubos-set-de-8\/#primaryimage"},"image":{"@id":"https:\/\/www.partsbymst.com\/es\/shop\/componentes-y-accesorios-del-motor\/varillas-de-empuje\/empujador-rod-tubos-set-de-8\/#primaryimage"},"thumbnailUrl":"https:\/\/www.partsbymst.com\/wp-content\/uploads\/2025\/08\/M1M-50-2-scaled.jpg","datePublished":"2013-10-23T06:40:42+00:00","dateModified":"2020-03-13T17:06:17+00:00","breadcrumb":{"@id":"https:\/\/www.partsbymst.com\/es\/shop\/componentes-y-accesorios-del-motor\/varillas-de-empuje\/empujador-rod-tubos-set-de-8\/#breadcrumb"},"inLanguage":"es","potentialAction":[{"@type":"ReadAction","target":["https:\/\/www.partsbymst.com\/es\/shop\/componentes-y-accesorios-del-motor\/varillas-de-empuje\/empujador-rod-tubos-set-de-8\/"]}]},{"@type":"ImageObject","inLanguage":"es","@id":"https:\/\/www.partsbymst.com\/es\/shop\/componentes-y-accesorios-del-motor\/varillas-de-empuje\/empujador-rod-tubos-set-de-8\/#primaryimage","url":"https:\/\/www.partsbymst.com\/wp-content\/uploads\/2025\/08\/M1M-50-2-scaled.jpg","contentUrl":"https:\/\/www.partsbymst.com\/wp-content\/uploads\/2025\/08\/M1M-50-2-scaled.jpg","width":2560,"height":1831},{"@type":"BreadcrumbList","@id":"https:\/\/www.partsbymst.com\/es\/shop\/componentes-y-accesorios-del-motor\/varillas-de-empuje\/empujador-rod-tubos-set-de-8\/#breadcrumb","itemListElement":[{"@type":"ListItem","position":1,"name":"Home","item":"https:\/\/www.partsbymst.com\/es\/"},{"@type":"ListItem","position":2,"name":"Shop","item":"https:\/\/www.partsbymst.com\/shop\/"},{"@type":"ListItem","position":3,"name":"Tubos de empuje &#8211; Juego de 8"}]},{"@type":"WebSite","@id":"https:\/\/www.partsbymst.com\/es\/#website","url":"https:\/\/www.partsbymst.com\/es\/","name":"Parts By MST, LLC","description":"Your Source for Quality VW Aftermarket Parts","publisher":{"@id":"https:\/\/www.partsbymst.com\/es\/#organization"},"potentialAction":[{"@type":"SearchAction","target":{"@type":"EntryPoint","urlTemplate":"https:\/\/www.partsbymst.com\/es\/?s={search_term_string}"},"query-input":{"@type":"PropertyValueSpecification","valueRequired":true,"valueName":"search_term_string"}}],"inLanguage":"es"},{"@type":"Organization","@id":"https:\/\/www.partsbymst.com\/es\/#organization","name":"MST","url":"https:\/\/www.partsbymst.com\/es\/","logo":{"@type":"ImageObject","inLanguage":"es","@id":"https:\/\/www.partsbymst.com\/es\/#\/schema\/logo\/image\/","url":"https:\/\/www.partsbymst.com\/wp-content\/uploads\/2017\/02\/mst-email-header.png","contentUrl":"https:\/\/www.partsbymst.com\/wp-content\/uploads\/2017\/02\/mst-email-header.png","width":600,"height":120,"caption":"MST"},"image":{"@id":"https:\/\/www.partsbymst.com\/es\/#\/schema\/logo\/image\/"},"sameAs":["https:\/\/www.facebook.com\/MotorsportsTulsa\/","http:\/\/instagram.com\/mst_vw_parts","https:\/\/www.youtube.com\/channel\/UCJaFJ_EwfmfNdZJllWwWr1A"]}]}},"_links":{"self":[{"href":"https:\/\/www.partsbymst.com\/es\/wp-json\/wp\/v2\/product\/2233","targetHints":{"allow":["GET"]}}],"collection":[{"href":"https:\/\/www.partsbymst.com\/es\/wp-json\/wp\/v2\/product"}],"about":[{"href":"https:\/\/www.partsbymst.com\/es\/wp-json\/wp\/v2\/types\/product"}],"replies":[{"embeddable":true,"href":"https:\/\/www.partsbymst.com\/es\/wp-json\/wp\/v2\/comments?post=2233"}],"wp:featuredmedia":[{"embeddable":true,"href":"https:\/\/www.partsbymst.com\/es\/wp-json\/wp\/v2\/media\/11007"}],"wp:attachment":[{"href":"https:\/\/www.partsbymst.com\/es\/wp-json\/wp\/v2\/media?parent=2233"}],"wp:term":[{"taxonomy":"product_brand","embeddable":true,"href":"https:\/\/www.partsbymst.com\/es\/wp-json\/wp\/v2\/product_brand?post=2233"},{"taxonomy":"product_cat","embeddable":true,"href":"https:\/\/www.partsbymst.com\/es\/wp-json\/wp\/v2\/product_cat?post=2233"},{"taxonomy":"product_tag","embeddable":true,"href":"https:\/\/www.partsbymst.com\/es\/wp-json\/wp\/v2\/product_tag?post=2233"}],"curies":[{"name":"wp","href":"https:\/\/api.w.org\/{rel}","templated":true}]}}