{"id":2251,"date":"2016-09-21T10:15:36","date_gmt":"2016-09-21T15:15:36","guid":{"rendered":"https:\/\/www.partsbymst.com\/shop\/uncategorized\/the-matador\/"},"modified":"2020-03-13T12:07:57","modified_gmt":"2020-03-13T17:07:57","slug":"the-matador","status":"publish","type":"product","link":"https:\/\/www.partsbymst.com\/es\/shop\/sistema-de-polea-serpentina\/the-matador\/","title":{"rendered":"THE MATADOR"},"content":{"rendered":"<p><span style=\"font-weight: 400;\">\u00a1El sistema de la polea de la serpiente de MST es famoso para la confiabilidad, la consistencia y la calidad total &#8211; todo mientras que hace su motor mirada incre\u00edble! Este sistema ofrece una ligera mejora de potencia al reducir el deslizamiento de la correa y ofrecer m\u00e1s enfriamiento a su motor que la configuraci\u00f3n est\u00e1ndar de la correa trapezoidal. \u00a1Usted amar\u00e1 cu\u00e1nto m\u00e1s reservado su motor funciona, tambi\u00e9n!<\/span><\/p>\n<p><span style=\"font-weight: 400;\">Disponible en una variedad de colores anodizados, incluyendo negro, azul, plata, rojo y verde lima. Obtenga su sistema MST Matador Serpentine hoy y comp\u00e1relo con nuestros otros grandes productos para obtener esa apariencia personalizada en todo su motor.<\/span><\/p>\n<p>Su sistema de polea Matador Serpentine incluye:<\/p>\n<ul class=\"circle dotted\">\n<li>Polea de manivela <span style=\"font-weight: 400;\">(Con marcas de tiempo mecanizadas CNC)<\/span><\/li>\n<li>Alternador \/ polea del generador<\/li>\n<li>Montaje del soporte de la rueda dentada con rodamiento<\/li>\n<li><span style=\"font-weight: 400;\">Personalizado<br \/>\n<\/span><span style=\"font-weight: 400;\"> Perno de manivela de acero inoxidable<\/span> Y alternador \/ tuerca del generador<\/li>\n<li>Cintur\u00f3n 4-Rib<\/li>\n<li>Accesorios de montaje\n<\/li>\n<li>Instrucciones de instalaci\u00f3n\n<\/li>\n<\/ul>\n","protected":false},"excerpt":{"rendered":"<p><span style=\"font-weight: 400;\">\u00a1Aqui es donde todo empez\u00f3! El Matador se ve muy bien en su motor, viene en una variedad de colores anodizados y es mecanizado CNC de 6061-T6 billete de aluminio. Nuestros Serpentine Pulley Systems han ofrecido un rendimiento y fiabilidad superiores durante m\u00e1s de una d\u00e9cada.<\/span><\/p>\n","protected":false},"featured_media":10296,"comment_status":"open","ping_status":"closed","template":"","meta":[],"product_brand":[],"product_cat":[178],"product_tag":[187,192,201,199,191,188,220,210,219,196],"class_list":{"0":"post-2251","1":"product","2":"type-product","3":"status-publish","4":"has-post-thumbnail","6":"product_cat-sistema-de-polea-serpentina","7":"product_tag-aluminio","8":"product_tag-azul","9":"product_tag-matador-es","10":"product_tag-mst-es","11":"product_tag-negro","12":"product_tag-palanquilla","13":"product_tag-plata","14":"product_tag-rojo","15":"product_tag-sistema-de-polea-serpentina","16":"product_tag-verde-lima","17":"product_shipping_class-sistemas-de-poleas","19":"first","20":"instock","21":"featured","22":"taxable","23":"shipping-taxable","24":"purchasable","25":"product-type-variable","26":"has-default-attributes"},"supplier_id":null,"supplier_sku":"","barcode":null,"atum_controlled":true,"out_stock_date":null,"out_stock_threshold":null,"inheritable":false,"inbound_stock":null,"stock_on_hold":0,"sold_today":0,"sales_last_days":0,"reserved_stock":null,"customer_returns":null,"warehouse_damage":null,"lost_in_post":null,"other_logs":null,"out_stock_days":0,"lost_sales":0,"has_location":null,"update_date":"2026-04-12T04:33:21","atum_locations":[],"atum_stock_status":"instock","restock_status":false,"low_stock_amount":"","sales_update_date":"2026-04-12T04:33:21","calc_backorders":null,"yoast_head":"<!-- This site is optimized with the Yoast SEO plugin v27.2 - https:\/\/yoast.com\/product\/yoast-seo-wordpress\/ -->\n<title>THE MATADOR - Parts By MST, LLC<\/title>\n<meta name=\"description\" content=\"El Matador es uno de nuestros primeros dise\u00f1os cl\u00e1sicos para golpear el sistema de polea serpentina y r\u00e1pidamente se convirti\u00f3 en un favorito de los fans! Hecho del aluminio del boleto 6061-T6.\" \/>\n<meta name=\"robots\" content=\"index, follow, max-snippet:-1, max-image-preview:large, max-video-preview:-1\" \/>\n<link rel=\"canonical\" href=\"https:\/\/www.partsbymst.com\/es\/shop\/sistema-de-polea-serpentina\/the-matador\/\" \/>\n<meta property=\"og:locale\" content=\"es_ES\" \/>\n<meta property=\"og:type\" content=\"article\" \/>\n<meta property=\"og:title\" content=\"THE MATADOR - Parts By MST, LLC\" \/>\n<meta property=\"og:description\" content=\"El Matador es uno de nuestros primeros dise\u00f1os cl\u00e1sicos para golpear el sistema de polea serpentina y r\u00e1pidamente se convirti\u00f3 en un favorito de los fans! Hecho del aluminio del boleto 6061-T6.\" \/>\n<meta property=\"og:url\" content=\"https:\/\/www.partsbymst.com\/es\/shop\/sistema-de-polea-serpentina\/the-matador\/\" \/>\n<meta property=\"og:site_name\" content=\"Parts By MST, LLC\" \/>\n<meta property=\"article:publisher\" content=\"https:\/\/www.facebook.com\/MotorsportsTulsa\/\" \/>\n<meta property=\"article:modified_time\" content=\"2020-03-13T17:07:57+00:00\" \/>\n<meta property=\"og:image\" content=\"https:\/\/www.partsbymst.com\/wp-content\/uploads\/2016\/10\/PulleySystem-Silver-Matador.jpg\" \/>\n\t<meta property=\"og:image:width\" content=\"2160\" \/>\n\t<meta property=\"og:image:height\" content=\"2349\" \/>\n\t<meta property=\"og:image:type\" content=\"image\/jpeg\" \/>\n<meta name=\"twitter:card\" content=\"summary_large_image\" \/>\n<meta name=\"twitter:label1\" content=\"Tiempo de lectura\" \/>\n\t<meta name=\"twitter:data1\" content=\"1 minuto\" \/>\n<script type=\"application\/ld+json\" class=\"yoast-schema-graph\">{\"@context\":\"https:\/\/schema.org\",\"@graph\":[{\"@type\":\"WebPage\",\"@id\":\"https:\/\/www.partsbymst.com\/es\/shop\/sistema-de-polea-serpentina\/the-matador\/\",\"url\":\"https:\/\/www.partsbymst.com\/es\/shop\/sistema-de-polea-serpentina\/the-matador\/\",\"name\":\"THE MATADOR - Parts By MST, LLC\",\"isPartOf\":{\"@id\":\"https:\/\/www.partsbymst.com\/es\/#website\"},\"primaryImageOfPage\":{\"@id\":\"https:\/\/www.partsbymst.com\/es\/shop\/sistema-de-polea-serpentina\/the-matador\/#primaryimage\"},\"image\":{\"@id\":\"https:\/\/www.partsbymst.com\/es\/shop\/sistema-de-polea-serpentina\/the-matador\/#primaryimage\"},\"thumbnailUrl\":\"https:\/\/www.partsbymst.com\/wp-content\/uploads\/2016\/09\/M1M-25-scaled.jpg\",\"datePublished\":\"2016-09-21T15:15:36+00:00\",\"dateModified\":\"2020-03-13T17:07:57+00:00\",\"description\":\"El Matador es uno de nuestros primeros dise\u00f1os cl\u00e1sicos para golpear el sistema de polea serpentina y r\u00e1pidamente se convirti\u00f3 en un favorito de los fans! Hecho del aluminio del boleto 6061-T6.\",\"breadcrumb\":{\"@id\":\"https:\/\/www.partsbymst.com\/es\/shop\/sistema-de-polea-serpentina\/the-matador\/#breadcrumb\"},\"inLanguage\":\"es\",\"potentialAction\":[{\"@type\":\"ReadAction\",\"target\":[\"https:\/\/www.partsbymst.com\/es\/shop\/sistema-de-polea-serpentina\/the-matador\/\"]}]},{\"@type\":\"ImageObject\",\"inLanguage\":\"es\",\"@id\":\"https:\/\/www.partsbymst.com\/es\/shop\/sistema-de-polea-serpentina\/the-matador\/#primaryimage\",\"url\":\"https:\/\/www.partsbymst.com\/wp-content\/uploads\/2016\/09\/M1M-25-scaled.jpg\",\"contentUrl\":\"https:\/\/www.partsbymst.com\/wp-content\/uploads\/2016\/09\/M1M-25-scaled.jpg\",\"width\":2560,\"height\":1708},{\"@type\":\"BreadcrumbList\",\"@id\":\"https:\/\/www.partsbymst.com\/es\/shop\/sistema-de-polea-serpentina\/the-matador\/#breadcrumb\",\"itemListElement\":[{\"@type\":\"ListItem\",\"position\":1,\"name\":\"Home\",\"item\":\"https:\/\/www.partsbymst.com\/es\/\"},{\"@type\":\"ListItem\",\"position\":2,\"name\":\"Shop\",\"item\":\"https:\/\/www.partsbymst.com\/shop\/\"},{\"@type\":\"ListItem\",\"position\":3,\"name\":\"THE MATADOR\"}]},{\"@type\":\"WebSite\",\"@id\":\"https:\/\/www.partsbymst.com\/es\/#website\",\"url\":\"https:\/\/www.partsbymst.com\/es\/\",\"name\":\"Parts By MST, LLC\",\"description\":\"Your Source for Quality VW Aftermarket Parts\",\"publisher\":{\"@id\":\"https:\/\/www.partsbymst.com\/es\/#organization\"},\"potentialAction\":[{\"@type\":\"SearchAction\",\"target\":{\"@type\":\"EntryPoint\",\"urlTemplate\":\"https:\/\/www.partsbymst.com\/es\/?s={search_term_string}\"},\"query-input\":{\"@type\":\"PropertyValueSpecification\",\"valueRequired\":true,\"valueName\":\"search_term_string\"}}],\"inLanguage\":\"es\"},{\"@type\":\"Organization\",\"@id\":\"https:\/\/www.partsbymst.com\/es\/#organization\",\"name\":\"MST\",\"url\":\"https:\/\/www.partsbymst.com\/es\/\",\"logo\":{\"@type\":\"ImageObject\",\"inLanguage\":\"es\",\"@id\":\"https:\/\/www.partsbymst.com\/es\/#\/schema\/logo\/image\/\",\"url\":\"https:\/\/www.partsbymst.com\/wp-content\/uploads\/2017\/02\/mst-email-header.png\",\"contentUrl\":\"https:\/\/www.partsbymst.com\/wp-content\/uploads\/2017\/02\/mst-email-header.png\",\"width\":600,\"height\":120,\"caption\":\"MST\"},\"image\":{\"@id\":\"https:\/\/www.partsbymst.com\/es\/#\/schema\/logo\/image\/\"},\"sameAs\":[\"https:\/\/www.facebook.com\/MotorsportsTulsa\/\",\"http:\/\/instagram.com\/mst_vw_parts\",\"https:\/\/www.youtube.com\/channel\/UCJaFJ_EwfmfNdZJllWwWr1A\"]}]}<\/script>\n<!-- \/ Yoast SEO plugin. -->","yoast_head_json":{"title":"THE MATADOR - Parts By MST, LLC","description":"El Matador es uno de nuestros primeros dise\u00f1os cl\u00e1sicos para golpear el sistema de polea serpentina y r\u00e1pidamente se convirti\u00f3 en un favorito de los fans! Hecho del aluminio del boleto 6061-T6.","robots":{"index":"index","follow":"follow","max-snippet":"max-snippet:-1","max-image-preview":"max-image-preview:large","max-video-preview":"max-video-preview:-1"},"canonical":"https:\/\/www.partsbymst.com\/es\/shop\/sistema-de-polea-serpentina\/the-matador\/","og_locale":"es_ES","og_type":"article","og_title":"THE MATADOR - Parts By MST, LLC","og_description":"El Matador es uno de nuestros primeros dise\u00f1os cl\u00e1sicos para golpear el sistema de polea serpentina y r\u00e1pidamente se convirti\u00f3 en un favorito de los fans! Hecho del aluminio del boleto 6061-T6.","og_url":"https:\/\/www.partsbymst.com\/es\/shop\/sistema-de-polea-serpentina\/the-matador\/","og_site_name":"Parts By MST, LLC","article_publisher":"https:\/\/www.facebook.com\/MotorsportsTulsa\/","article_modified_time":"2020-03-13T17:07:57+00:00","og_image":[{"width":2160,"height":2349,"url":"https:\/\/www.partsbymst.com\/wp-content\/uploads\/2016\/10\/PulleySystem-Silver-Matador.jpg","type":"image\/jpeg"}],"twitter_card":"summary_large_image","twitter_misc":{"Tiempo de lectura":"1 minuto"},"schema":{"@context":"https:\/\/schema.org","@graph":[{"@type":"WebPage","@id":"https:\/\/www.partsbymst.com\/es\/shop\/sistema-de-polea-serpentina\/the-matador\/","url":"https:\/\/www.partsbymst.com\/es\/shop\/sistema-de-polea-serpentina\/the-matador\/","name":"THE MATADOR - Parts By MST, LLC","isPartOf":{"@id":"https:\/\/www.partsbymst.com\/es\/#website"},"primaryImageOfPage":{"@id":"https:\/\/www.partsbymst.com\/es\/shop\/sistema-de-polea-serpentina\/the-matador\/#primaryimage"},"image":{"@id":"https:\/\/www.partsbymst.com\/es\/shop\/sistema-de-polea-serpentina\/the-matador\/#primaryimage"},"thumbnailUrl":"https:\/\/www.partsbymst.com\/wp-content\/uploads\/2016\/09\/M1M-25-scaled.jpg","datePublished":"2016-09-21T15:15:36+00:00","dateModified":"2020-03-13T17:07:57+00:00","description":"El Matador es uno de nuestros primeros dise\u00f1os cl\u00e1sicos para golpear el sistema de polea serpentina y r\u00e1pidamente se convirti\u00f3 en un favorito de los fans! Hecho del aluminio del boleto 6061-T6.","breadcrumb":{"@id":"https:\/\/www.partsbymst.com\/es\/shop\/sistema-de-polea-serpentina\/the-matador\/#breadcrumb"},"inLanguage":"es","potentialAction":[{"@type":"ReadAction","target":["https:\/\/www.partsbymst.com\/es\/shop\/sistema-de-polea-serpentina\/the-matador\/"]}]},{"@type":"ImageObject","inLanguage":"es","@id":"https:\/\/www.partsbymst.com\/es\/shop\/sistema-de-polea-serpentina\/the-matador\/#primaryimage","url":"https:\/\/www.partsbymst.com\/wp-content\/uploads\/2016\/09\/M1M-25-scaled.jpg","contentUrl":"https:\/\/www.partsbymst.com\/wp-content\/uploads\/2016\/09\/M1M-25-scaled.jpg","width":2560,"height":1708},{"@type":"BreadcrumbList","@id":"https:\/\/www.partsbymst.com\/es\/shop\/sistema-de-polea-serpentina\/the-matador\/#breadcrumb","itemListElement":[{"@type":"ListItem","position":1,"name":"Home","item":"https:\/\/www.partsbymst.com\/es\/"},{"@type":"ListItem","position":2,"name":"Shop","item":"https:\/\/www.partsbymst.com\/shop\/"},{"@type":"ListItem","position":3,"name":"THE MATADOR"}]},{"@type":"WebSite","@id":"https:\/\/www.partsbymst.com\/es\/#website","url":"https:\/\/www.partsbymst.com\/es\/","name":"Parts By MST, LLC","description":"Your Source for Quality VW Aftermarket Parts","publisher":{"@id":"https:\/\/www.partsbymst.com\/es\/#organization"},"potentialAction":[{"@type":"SearchAction","target":{"@type":"EntryPoint","urlTemplate":"https:\/\/www.partsbymst.com\/es\/?s={search_term_string}"},"query-input":{"@type":"PropertyValueSpecification","valueRequired":true,"valueName":"search_term_string"}}],"inLanguage":"es"},{"@type":"Organization","@id":"https:\/\/www.partsbymst.com\/es\/#organization","name":"MST","url":"https:\/\/www.partsbymst.com\/es\/","logo":{"@type":"ImageObject","inLanguage":"es","@id":"https:\/\/www.partsbymst.com\/es\/#\/schema\/logo\/image\/","url":"https:\/\/www.partsbymst.com\/wp-content\/uploads\/2017\/02\/mst-email-header.png","contentUrl":"https:\/\/www.partsbymst.com\/wp-content\/uploads\/2017\/02\/mst-email-header.png","width":600,"height":120,"caption":"MST"},"image":{"@id":"https:\/\/www.partsbymst.com\/es\/#\/schema\/logo\/image\/"},"sameAs":["https:\/\/www.facebook.com\/MotorsportsTulsa\/","http:\/\/instagram.com\/mst_vw_parts","https:\/\/www.youtube.com\/channel\/UCJaFJ_EwfmfNdZJllWwWr1A"]}]}},"_links":{"self":[{"href":"https:\/\/www.partsbymst.com\/es\/wp-json\/wp\/v2\/product\/2251","targetHints":{"allow":["GET"]}}],"collection":[{"href":"https:\/\/www.partsbymst.com\/es\/wp-json\/wp\/v2\/product"}],"about":[{"href":"https:\/\/www.partsbymst.com\/es\/wp-json\/wp\/v2\/types\/product"}],"replies":[{"embeddable":true,"href":"https:\/\/www.partsbymst.com\/es\/wp-json\/wp\/v2\/comments?post=2251"}],"wp:featuredmedia":[{"embeddable":true,"href":"https:\/\/www.partsbymst.com\/es\/wp-json\/wp\/v2\/media\/10296"}],"wp:attachment":[{"href":"https:\/\/www.partsbymst.com\/es\/wp-json\/wp\/v2\/media?parent=2251"}],"wp:term":[{"taxonomy":"product_brand","embeddable":true,"href":"https:\/\/www.partsbymst.com\/es\/wp-json\/wp\/v2\/product_brand?post=2251"},{"taxonomy":"product_cat","embeddable":true,"href":"https:\/\/www.partsbymst.com\/es\/wp-json\/wp\/v2\/product_cat?post=2251"},{"taxonomy":"product_tag","embeddable":true,"href":"https:\/\/www.partsbymst.com\/es\/wp-json\/wp\/v2\/product_tag?post=2251"}],"curies":[{"name":"wp","href":"https:\/\/api.w.org\/{rel}","templated":true}]}}