{"id":2351,"date":"2016-09-17T22:28:42","date_gmt":"2016-09-18T03:28:42","guid":{"rendered":"https:\/\/www.partsbymst.com\/shop\/uncategorized\/conjunto-de-pernos-de-acero-inoxidable\/"},"modified":"2020-03-13T12:07:14","modified_gmt":"2020-03-13T17:07:14","slug":"conjunto-de-pernos-de-acero-inoxidable","status":"publish","type":"product","link":"https:\/\/www.partsbymst.com\/es\/shop\/sin categor\u00eda\/conjunto-de-pernos-de-acero-inoxidable\/","title":{"rendered":"Juego de Pernos y Tuercas de Acero Inoxidable"},"content":{"rendered":"<p>Mecanizado a partir de acero inoxidable 303, este art\u00edculo est\u00e1ndar incluido en nuestros sistemas de polea es tambi\u00e9n un gran art\u00edculo independiente tambi\u00e9n. \u00a1La precisi\u00f3n comprob\u00f3 para un ajuste perfecto cada vez! A\u00f1ade un toque de clase brillante a la configuraci\u00f3n del motor. \u00a1Hecho en los EEUU!<\/p>\n","protected":false},"excerpt":{"rendered":"<p>Mecanizado a partir de acero inoxidable 303, este art\u00edculo est\u00e1ndar incluido en nuestros sistemas de polea es tambi\u00e9n un gran art\u00edculo independiente tambi\u00e9n. \u00a1La precisi\u00f3n comprob\u00f3 para un ajuste perfecto cada vez! A\u00f1ade un toque de clase brillante a la configuraci\u00f3n del motor. \u00a1Hecho en los EEUU!<\/p>\n","protected":false},"featured_media":2348,"comment_status":"open","ping_status":"closed","template":"","meta":[],"product_brand":[],"product_cat":[],"product_tag":[224,265,184,220,208],"class_list":{"0":"post-2351","1":"product","2":"type-product","3":"status-publish","4":"has-post-thumbnail","6":"product_tag-accesorios","7":"product_tag-acero-inoxidable","8":"product_tag-acero-inoxidable-303","9":"product_tag-plata","10":"product_tag-sistema-de-poleas","11":"product_shipping_class-pequenos-articulos","13":"first","14":"instock","15":"taxable","16":"shipping-taxable","17":"purchasable","18":"product-type-simple"},"supplier_id":null,"supplier_sku":"","barcode":null,"atum_controlled":true,"out_stock_date":null,"out_stock_threshold":null,"inheritable":false,"inbound_stock":null,"stock_on_hold":0,"sold_today":0,"sales_last_days":0,"reserved_stock":null,"customer_returns":null,"warehouse_damage":null,"lost_in_post":null,"other_logs":null,"out_stock_days":0,"lost_sales":0,"has_location":null,"update_date":"2026-04-14T04:33:40","atum_locations":[],"atum_stock_status":"instock","restock_status":false,"low_stock_amount":"","sales_update_date":"2026-04-14T04:33:40","calc_backorders":null,"yoast_head":"<!-- This site is optimized with the Yoast SEO plugin v27.2 - https:\/\/yoast.com\/product\/yoast-seo-wordpress\/ -->\n<title>Juego de Pernos y Tuercas de Acero Inoxidable - Parts By MST, LLC<\/title>\n<meta name=\"description\" content=\"Machined from 303 Stainless Steel, this bolt and nut set included in our Pulley Systems is also a great stand-alone item as well.\" \/>\n<meta name=\"robots\" content=\"index, follow, max-snippet:-1, max-image-preview:large, max-video-preview:-1\" \/>\n<link rel=\"canonical\" href=\"https:\/\/www.partsbymst.com\/es\/shop\/sin%20categor\u00eda\/conjunto-de-pernos-de-acero-inoxidable\/\" \/>\n<meta property=\"og:locale\" content=\"es_ES\" \/>\n<meta property=\"og:type\" content=\"article\" \/>\n<meta property=\"og:title\" content=\"Juego de Pernos y Tuercas de Acero Inoxidable - Parts By MST, LLC\" \/>\n<meta property=\"og:description\" content=\"Machined from 303 Stainless Steel, this bolt and nut set included in our Pulley Systems is also a great stand-alone item as well.\" \/>\n<meta property=\"og:url\" content=\"https:\/\/www.partsbymst.com\/es\/shop\/sin categor\u00eda\/conjunto-de-pernos-de-acero-inoxidable\/\" \/>\n<meta property=\"og:site_name\" content=\"Parts By MST, LLC\" \/>\n<meta property=\"article:publisher\" content=\"https:\/\/www.facebook.com\/MotorsportsTulsa\/\" \/>\n<meta property=\"article:modified_time\" content=\"2020-03-13T17:07:14+00:00\" \/>\n<meta property=\"og:image\" content=\"https:\/\/www.partsbymst.com\/wp-content\/uploads\/2016\/09\/StainlessSteelNutandBoltSet1.jpg\" \/>\n\t<meta property=\"og:image:width\" content=\"1828\" \/>\n\t<meta property=\"og:image:height\" content=\"1534\" \/>\n\t<meta property=\"og:image:type\" content=\"image\/jpeg\" \/>\n<meta name=\"twitter:card\" content=\"summary_large_image\" \/>\n<script type=\"application\/ld+json\" class=\"yoast-schema-graph\">{\"@context\":\"https:\/\/schema.org\",\"@graph\":[{\"@type\":\"WebPage\",\"@id\":\"https:\/\/www.partsbymst.com\/es\/shop\/sin categor\u00eda\/conjunto-de-pernos-de-acero-inoxidable\/\",\"url\":\"https:\/\/www.partsbymst.com\/es\/shop\/sin categor\u00eda\/conjunto-de-pernos-de-acero-inoxidable\/\",\"name\":\"Juego de Pernos y Tuercas de Acero Inoxidable - Parts By MST, LLC\",\"isPartOf\":{\"@id\":\"https:\/\/www.partsbymst.com\/es\/#website\"},\"primaryImageOfPage\":{\"@id\":\"https:\/\/www.partsbymst.com\/es\/shop\/sin categor\u00eda\/conjunto-de-pernos-de-acero-inoxidable\/#primaryimage\"},\"image\":{\"@id\":\"https:\/\/www.partsbymst.com\/es\/shop\/sin categor\u00eda\/conjunto-de-pernos-de-acero-inoxidable\/#primaryimage\"},\"thumbnailUrl\":\"https:\/\/www.partsbymst.com\/wp-content\/uploads\/2016\/09\/StainlessSteelNutandBoltSet1.jpg\",\"datePublished\":\"2016-09-18T03:28:42+00:00\",\"dateModified\":\"2020-03-13T17:07:14+00:00\",\"description\":\"Machined from 303 Stainless Steel, this bolt and nut set included in our Pulley Systems is also a great stand-alone item as well.\",\"breadcrumb\":{\"@id\":\"https:\/\/www.partsbymst.com\/es\/shop\/sin categor\u00eda\/conjunto-de-pernos-de-acero-inoxidable\/#breadcrumb\"},\"inLanguage\":\"es\",\"potentialAction\":[{\"@type\":\"ReadAction\",\"target\":[\"https:\/\/www.partsbymst.com\/es\/shop\/sin categor\u00eda\/conjunto-de-pernos-de-acero-inoxidable\/\"]}]},{\"@type\":\"ImageObject\",\"inLanguage\":\"es\",\"@id\":\"https:\/\/www.partsbymst.com\/es\/shop\/sin categor\u00eda\/conjunto-de-pernos-de-acero-inoxidable\/#primaryimage\",\"url\":\"https:\/\/www.partsbymst.com\/wp-content\/uploads\/2016\/09\/StainlessSteelNutandBoltSet1.jpg\",\"contentUrl\":\"https:\/\/www.partsbymst.com\/wp-content\/uploads\/2016\/09\/StainlessSteelNutandBoltSet1.jpg\",\"width\":1828,\"height\":1534,\"caption\":\"StainlessSteelNutandBoltSet1\"},{\"@type\":\"BreadcrumbList\",\"@id\":\"https:\/\/www.partsbymst.com\/es\/shop\/sin categor\u00eda\/conjunto-de-pernos-de-acero-inoxidable\/#breadcrumb\",\"itemListElement\":[{\"@type\":\"ListItem\",\"position\":1,\"name\":\"Home\",\"item\":\"https:\/\/www.partsbymst.com\/es\/\"},{\"@type\":\"ListItem\",\"position\":2,\"name\":\"Shop\",\"item\":\"https:\/\/www.partsbymst.com\/shop\/\"},{\"@type\":\"ListItem\",\"position\":3,\"name\":\"Juego de Pernos y Tuercas de Acero Inoxidable\"}]},{\"@type\":\"WebSite\",\"@id\":\"https:\/\/www.partsbymst.com\/es\/#website\",\"url\":\"https:\/\/www.partsbymst.com\/es\/\",\"name\":\"Parts By MST, LLC\",\"description\":\"Your Source for Quality VW Aftermarket Parts\",\"publisher\":{\"@id\":\"https:\/\/www.partsbymst.com\/es\/#organization\"},\"potentialAction\":[{\"@type\":\"SearchAction\",\"target\":{\"@type\":\"EntryPoint\",\"urlTemplate\":\"https:\/\/www.partsbymst.com\/es\/?s={search_term_string}\"},\"query-input\":{\"@type\":\"PropertyValueSpecification\",\"valueRequired\":true,\"valueName\":\"search_term_string\"}}],\"inLanguage\":\"es\"},{\"@type\":\"Organization\",\"@id\":\"https:\/\/www.partsbymst.com\/es\/#organization\",\"name\":\"MST\",\"url\":\"https:\/\/www.partsbymst.com\/es\/\",\"logo\":{\"@type\":\"ImageObject\",\"inLanguage\":\"es\",\"@id\":\"https:\/\/www.partsbymst.com\/es\/#\/schema\/logo\/image\/\",\"url\":\"https:\/\/www.partsbymst.com\/wp-content\/uploads\/2017\/02\/mst-email-header.png\",\"contentUrl\":\"https:\/\/www.partsbymst.com\/wp-content\/uploads\/2017\/02\/mst-email-header.png\",\"width\":600,\"height\":120,\"caption\":\"MST\"},\"image\":{\"@id\":\"https:\/\/www.partsbymst.com\/es\/#\/schema\/logo\/image\/\"},\"sameAs\":[\"https:\/\/www.facebook.com\/MotorsportsTulsa\/\",\"http:\/\/instagram.com\/mst_vw_parts\",\"https:\/\/www.youtube.com\/channel\/UCJaFJ_EwfmfNdZJllWwWr1A\"]}]}<\/script>\n<!-- \/ Yoast SEO plugin. -->","yoast_head_json":{"title":"Juego de Pernos y Tuercas de Acero Inoxidable - Parts By MST, LLC","description":"Machined from 303 Stainless Steel, this bolt and nut set included in our Pulley Systems is also a great stand-alone item as well.","robots":{"index":"index","follow":"follow","max-snippet":"max-snippet:-1","max-image-preview":"max-image-preview:large","max-video-preview":"max-video-preview:-1"},"canonical":"https:\/\/www.partsbymst.com\/es\/shop\/sin categor\u00eda\/conjunto-de-pernos-de-acero-inoxidable\/","og_locale":"es_ES","og_type":"article","og_title":"Juego de Pernos y Tuercas de Acero Inoxidable - Parts By MST, LLC","og_description":"Machined from 303 Stainless Steel, this bolt and nut set included in our Pulley Systems is also a great stand-alone item as well.","og_url":"https:\/\/www.partsbymst.com\/es\/shop\/sin categor\u00eda\/conjunto-de-pernos-de-acero-inoxidable\/","og_site_name":"Parts By MST, LLC","article_publisher":"https:\/\/www.facebook.com\/MotorsportsTulsa\/","article_modified_time":"2020-03-13T17:07:14+00:00","og_image":[{"width":1828,"height":1534,"url":"https:\/\/www.partsbymst.com\/wp-content\/uploads\/2016\/09\/StainlessSteelNutandBoltSet1.jpg","type":"image\/jpeg"}],"twitter_card":"summary_large_image","schema":{"@context":"https:\/\/schema.org","@graph":[{"@type":"WebPage","@id":"https:\/\/www.partsbymst.com\/es\/shop\/sin categor\u00eda\/conjunto-de-pernos-de-acero-inoxidable\/","url":"https:\/\/www.partsbymst.com\/es\/shop\/sin categor\u00eda\/conjunto-de-pernos-de-acero-inoxidable\/","name":"Juego de Pernos y Tuercas de Acero Inoxidable - Parts By MST, LLC","isPartOf":{"@id":"https:\/\/www.partsbymst.com\/es\/#website"},"primaryImageOfPage":{"@id":"https:\/\/www.partsbymst.com\/es\/shop\/sin categor\u00eda\/conjunto-de-pernos-de-acero-inoxidable\/#primaryimage"},"image":{"@id":"https:\/\/www.partsbymst.com\/es\/shop\/sin categor\u00eda\/conjunto-de-pernos-de-acero-inoxidable\/#primaryimage"},"thumbnailUrl":"https:\/\/www.partsbymst.com\/wp-content\/uploads\/2016\/09\/StainlessSteelNutandBoltSet1.jpg","datePublished":"2016-09-18T03:28:42+00:00","dateModified":"2020-03-13T17:07:14+00:00","description":"Machined from 303 Stainless Steel, this bolt and nut set included in our Pulley Systems is also a great stand-alone item as well.","breadcrumb":{"@id":"https:\/\/www.partsbymst.com\/es\/shop\/sin categor\u00eda\/conjunto-de-pernos-de-acero-inoxidable\/#breadcrumb"},"inLanguage":"es","potentialAction":[{"@type":"ReadAction","target":["https:\/\/www.partsbymst.com\/es\/shop\/sin categor\u00eda\/conjunto-de-pernos-de-acero-inoxidable\/"]}]},{"@type":"ImageObject","inLanguage":"es","@id":"https:\/\/www.partsbymst.com\/es\/shop\/sin categor\u00eda\/conjunto-de-pernos-de-acero-inoxidable\/#primaryimage","url":"https:\/\/www.partsbymst.com\/wp-content\/uploads\/2016\/09\/StainlessSteelNutandBoltSet1.jpg","contentUrl":"https:\/\/www.partsbymst.com\/wp-content\/uploads\/2016\/09\/StainlessSteelNutandBoltSet1.jpg","width":1828,"height":1534,"caption":"StainlessSteelNutandBoltSet1"},{"@type":"BreadcrumbList","@id":"https:\/\/www.partsbymst.com\/es\/shop\/sin categor\u00eda\/conjunto-de-pernos-de-acero-inoxidable\/#breadcrumb","itemListElement":[{"@type":"ListItem","position":1,"name":"Home","item":"https:\/\/www.partsbymst.com\/es\/"},{"@type":"ListItem","position":2,"name":"Shop","item":"https:\/\/www.partsbymst.com\/shop\/"},{"@type":"ListItem","position":3,"name":"Juego de Pernos y Tuercas de Acero Inoxidable"}]},{"@type":"WebSite","@id":"https:\/\/www.partsbymst.com\/es\/#website","url":"https:\/\/www.partsbymst.com\/es\/","name":"Parts By MST, LLC","description":"Your Source for Quality VW Aftermarket Parts","publisher":{"@id":"https:\/\/www.partsbymst.com\/es\/#organization"},"potentialAction":[{"@type":"SearchAction","target":{"@type":"EntryPoint","urlTemplate":"https:\/\/www.partsbymst.com\/es\/?s={search_term_string}"},"query-input":{"@type":"PropertyValueSpecification","valueRequired":true,"valueName":"search_term_string"}}],"inLanguage":"es"},{"@type":"Organization","@id":"https:\/\/www.partsbymst.com\/es\/#organization","name":"MST","url":"https:\/\/www.partsbymst.com\/es\/","logo":{"@type":"ImageObject","inLanguage":"es","@id":"https:\/\/www.partsbymst.com\/es\/#\/schema\/logo\/image\/","url":"https:\/\/www.partsbymst.com\/wp-content\/uploads\/2017\/02\/mst-email-header.png","contentUrl":"https:\/\/www.partsbymst.com\/wp-content\/uploads\/2017\/02\/mst-email-header.png","width":600,"height":120,"caption":"MST"},"image":{"@id":"https:\/\/www.partsbymst.com\/es\/#\/schema\/logo\/image\/"},"sameAs":["https:\/\/www.facebook.com\/MotorsportsTulsa\/","http:\/\/instagram.com\/mst_vw_parts","https:\/\/www.youtube.com\/channel\/UCJaFJ_EwfmfNdZJllWwWr1A"]}]}},"_links":{"self":[{"href":"https:\/\/www.partsbymst.com\/es\/wp-json\/wp\/v2\/product\/2351","targetHints":{"allow":["GET"]}}],"collection":[{"href":"https:\/\/www.partsbymst.com\/es\/wp-json\/wp\/v2\/product"}],"about":[{"href":"https:\/\/www.partsbymst.com\/es\/wp-json\/wp\/v2\/types\/product"}],"replies":[{"embeddable":true,"href":"https:\/\/www.partsbymst.com\/es\/wp-json\/wp\/v2\/comments?post=2351"}],"wp:featuredmedia":[{"embeddable":true,"href":"https:\/\/www.partsbymst.com\/es\/wp-json\/wp\/v2\/media\/2348"}],"wp:attachment":[{"href":"https:\/\/www.partsbymst.com\/es\/wp-json\/wp\/v2\/media?parent=2351"}],"wp:term":[{"taxonomy":"product_brand","embeddable":true,"href":"https:\/\/www.partsbymst.com\/es\/wp-json\/wp\/v2\/product_brand?post=2351"},{"taxonomy":"product_cat","embeddable":true,"href":"https:\/\/www.partsbymst.com\/es\/wp-json\/wp\/v2\/product_cat?post=2351"},{"taxonomy":"product_tag","embeddable":true,"href":"https:\/\/www.partsbymst.com\/es\/wp-json\/wp\/v2\/product_tag?post=2351"}],"curies":[{"name":"wp","href":"https:\/\/api.w.org\/{rel}","templated":true}]}}